{"id":11320,"date":"2023-06-16T15:23:29","date_gmt":"2023-06-16T19:23:29","guid":{"rendered":"https:\/\/naturaedecor.com\/?page_id=11320"},"modified":"2023-06-16T15:25:21","modified_gmt":"2023-06-16T19:25:21","slug":"politica-de-privacidad","status":"publish","type":"page","link":"https:\/\/naturaedecor.com\/es\/politica-de-privacidad\/","title":{"rendered":"Pol\u00edtica de privacidad"},"content":{"rendered":"\t\t<div data-elementor-type=\"wp-post\" data-elementor-id=\"11320\" class=\"elementor elementor-11320 elementor-11319\">\n\t\t\t\t\t\t<section class=\"elementor-section elementor-top-section elementor-element elementor-element-f232eb5 elementor-section-full_width elementor-section-height-min-height elementor-section-height-default elementor-section-items-middle\" data-id=\"f232eb5\" data-element_type=\"section\" data-e-type=\"section\" data-settings=\"{&quot;jet_parallax_layout_list&quot;:[{&quot;jet_parallax_layout_image&quot;:{&quot;url&quot;:&quot;&quot;,&quot;id&quot;:&quot;&quot;,&quot;size&quot;:&quot;&quot;},&quot;_id&quot;:&quot;5e4991d&quot;,&quot;jet_parallax_layout_image_tablet&quot;:{&quot;url&quot;:&quot;&quot;,&quot;id&quot;:&quot;&quot;,&quot;size&quot;:&quot;&quot;},&quot;jet_parallax_layout_image_mobile&quot;:{&quot;url&quot;:&quot;&quot;,&quot;id&quot;:&quot;&quot;,&quot;size&quot;:&quot;&quot;},&quot;jet_parallax_layout_speed&quot;:{&quot;unit&quot;:&quot;%&quot;,&quot;size&quot;:50,&quot;sizes&quot;:[]},&quot;jet_parallax_layout_type&quot;:&quot;scroll&quot;,&quot;jet_parallax_layout_direction&quot;:&quot;1&quot;,&quot;jet_parallax_layout_fx_direction&quot;:null,&quot;jet_parallax_layout_z_index&quot;:&quot;&quot;,&quot;jet_parallax_layout_bg_x&quot;:50,&quot;jet_parallax_layout_bg_x_tablet&quot;:&quot;&quot;,&quot;jet_parallax_layout_bg_x_mobile&quot;:&quot;&quot;,&quot;jet_parallax_layout_bg_y&quot;:50,&quot;jet_parallax_layout_bg_y_tablet&quot;:&quot;&quot;,&quot;jet_parallax_layout_bg_y_mobile&quot;:&quot;&quot;,&quot;jet_parallax_layout_bg_size&quot;:&quot;auto&quot;,&quot;jet_parallax_layout_bg_size_tablet&quot;:&quot;&quot;,&quot;jet_parallax_layout_bg_size_mobile&quot;:&quot;&quot;,&quot;jet_parallax_layout_animation_prop&quot;:&quot;transform&quot;,&quot;jet_parallax_layout_on&quot;:[&quot;desktop&quot;,&quot;tablet&quot;]}],&quot;shape_divider_bottom&quot;:&quot;mountains&quot;,&quot;background_background&quot;:&quot;classic&quot;}\">\n\t\t\t\t\t\t\t<div class=\"elementor-background-overlay\"><\/div>\n\t\t\t\t\t\t<div class=\"elementor-shape elementor-shape-bottom\" aria-hidden=\"true\" data-negative=\"false\">\n\t\t\t<svg xmlns=\"http:\/\/www.w3.org\/2000\/svg\" viewBox=\"0 0 1000 100\" preserveAspectRatio=\"none\">\n\t<path class=\"elementor-shape-fill\" opacity=\"0.33\" d=\"M473,67.3c-203.9,88.3-263.1-34-320.3,0C66,119.1,0,59.7,0,59.7V0h1000v59.7 c0,0-62.1,26.1-94.9,29.3c-32.8,3.3-62.8-12.3-75.8-22.1C806,49.6,745.3,8.7,694.9,4.7S492.4,59,473,67.3z\"\/>\n\t<path class=\"elementor-shape-fill\" opacity=\"0.66\" d=\"M734,67.3c-45.5,0-77.2-23.2-129.1-39.1c-28.6-8.7-150.3-10.1-254,39.1 s-91.7-34.4-149.2,0C115.7,118.3,0,39.8,0,39.8V0h1000v36.5c0,0-28.2-18.5-92.1-18.5C810.2,18.1,775.7,67.3,734,67.3z\"\/>\n\t<path class=\"elementor-shape-fill\" d=\"M766.1,28.9c-200-57.5-266,65.5-395.1,19.5C242,1.8,242,5.4,184.8,20.6C128,35.8,132.3,44.9,89.9,52.5C28.6,63.7,0,0,0,0 h1000c0,0-9.9,40.9-83.6,48.1S829.6,47,766.1,28.9z\"\/>\n<\/svg>\t\t<\/div>\n\t\t\t\t\t<div class=\"elementor-container elementor-column-gap-default\">\n\t\t\t\t\t<div class=\"elementor-column elementor-col-100 elementor-top-column elementor-element elementor-element-16d701a\" data-id=\"16d701a\" data-element_type=\"column\" data-e-type=\"column\">\n\t\t\t<div class=\"elementor-widget-wrap elementor-element-populated\">\n\t\t\t\t\t\t<div class=\"elementor-element elementor-element-de36a87 elementor-align-center elementor-widget elementor-widget-raven-heading\" data-id=\"de36a87\" data-element_type=\"widget\" data-e-type=\"widget\" data-widget_type=\"raven-heading.default\">\n\t\t\t\t<div class=\"elementor-widget-container\">\n\t\t\t\t\t\t\t<div class=\"raven-widget-wrapper\"><h1 class=\"raven-heading raven-heading-h1\"><span class=\"raven-heading-title \">Pol\u00edtica de privacidad<\/span><\/h1><\/div>\n\t\t\t\t\t\t<\/div>\n\t\t\t\t<\/div>\n\t\t\t\t\t<\/div>\n\t\t<\/div>\n\t\t\t\t\t<\/div>\n\t\t<\/section>\n\t\t\t\t<section class=\"elementor-section elementor-top-section elementor-element elementor-element-c12f51b elementor-section-boxed elementor-section-height-default elementor-section-height-default\" data-id=\"c12f51b\" data-element_type=\"section\" data-e-type=\"section\" data-settings=\"{&quot;jet_parallax_layout_list&quot;:[{&quot;jet_parallax_layout_image&quot;:{&quot;url&quot;:&quot;&quot;,&quot;id&quot;:&quot;&quot;,&quot;size&quot;:&quot;&quot;},&quot;_id&quot;:&quot;8211afd&quot;,&quot;jet_parallax_layout_image_tablet&quot;:{&quot;url&quot;:&quot;&quot;,&quot;id&quot;:&quot;&quot;,&quot;size&quot;:&quot;&quot;},&quot;jet_parallax_layout_image_mobile&quot;:{&quot;url&quot;:&quot;&quot;,&quot;id&quot;:&quot;&quot;,&quot;size&quot;:&quot;&quot;},&quot;jet_parallax_layout_speed&quot;:{&quot;unit&quot;:&quot;%&quot;,&quot;size&quot;:50,&quot;sizes&quot;:[]},&quot;jet_parallax_layout_type&quot;:&quot;scroll&quot;,&quot;jet_parallax_layout_direction&quot;:&quot;1&quot;,&quot;jet_parallax_layout_fx_direction&quot;:null,&quot;jet_parallax_layout_z_index&quot;:&quot;&quot;,&quot;jet_parallax_layout_bg_x&quot;:50,&quot;jet_parallax_layout_bg_x_tablet&quot;:&quot;&quot;,&quot;jet_parallax_layout_bg_x_mobile&quot;:&quot;&quot;,&quot;jet_parallax_layout_bg_y&quot;:50,&quot;jet_parallax_layout_bg_y_tablet&quot;:&quot;&quot;,&quot;jet_parallax_layout_bg_y_mobile&quot;:&quot;&quot;,&quot;jet_parallax_layout_bg_size&quot;:&quot;auto&quot;,&quot;jet_parallax_layout_bg_size_tablet&quot;:&quot;&quot;,&quot;jet_parallax_layout_bg_size_mobile&quot;:&quot;&quot;,&quot;jet_parallax_layout_animation_prop&quot;:&quot;transform&quot;,&quot;jet_parallax_layout_on&quot;:[&quot;desktop&quot;,&quot;tablet&quot;]}]}\">\n\t\t\t\t\t\t<div class=\"elementor-container elementor-column-gap-default\">\n\t\t\t\t\t<div class=\"elementor-column elementor-col-100 elementor-top-column elementor-element elementor-element-9608d96\" data-id=\"9608d96\" data-element_type=\"column\" data-e-type=\"column\">\n\t\t\t<div class=\"elementor-widget-wrap elementor-element-populated\">\n\t\t\t\t\t\t<div class=\"elementor-element elementor-element-9a0ffb9 elementor-widget elementor-widget-text-editor\" data-id=\"9a0ffb9\" data-element_type=\"widget\" data-e-type=\"widget\" data-widget_type=\"text-editor.default\">\n\t\t\t\t<div class=\"elementor-widget-container\">\n\t\t\t\t\t\t\t\t\t<p><strong>1. Introducci\u00f3n<\/strong><\/p><p>En Naturae Decor\u2122 respetamos tu privacidad y nos comprometemos a protegerla. Esta Pol\u00edtica de privacidad explica c\u00f3mo recopilamos, usamos, divulgamos y protegemos su informaci\u00f3n cuando visita nuestro sitio web y realiza compras en nuestra tienda en l\u00ednea.<\/p><p><strong>2. Qu\u00e9 informaci\u00f3n recopilamos<\/strong><\/p><p>Podemos recopilar los siguientes tipos de informaci\u00f3n:<\/p><ul><li><p>Informaci\u00f3n de identificaci\u00f3n personal (nombre, correo electr\u00f3nico, n\u00famero de tel\u00e9fono, direcci\u00f3n de env\u00edo)<\/p><\/li><li><p>Informaci\u00f3n de pago (n\u00famero de tarjeta de cr\u00e9dito, direcci\u00f3n de facturaci\u00f3n)<\/p><\/li><li><p>Historial de pedidos<\/p><\/li><li><p>Datos t\u00e9cnicos (direcciones IP, tipo y versi\u00f3n del navegador, configuraci\u00f3n y ubicaci\u00f3n de la zona horaria, etc.)<\/p><\/li><li><p>Informaci\u00f3n recopilada a trav\u00e9s de cookies<\/p><\/li><\/ul><p><strong>3. C\u00f3mo recopilamos informaci\u00f3n<\/strong><\/p><p>Recopilamos informaci\u00f3n directamente con la persona:<\/p><ul><li><p>R\u00e9alisa Una compra<\/p><\/li><li><p>Suscribete a nuestro bolet\u00edn<\/p><\/li><li><p>Complete un formulario o encuesta<\/p><\/li><\/ul><p><strong>4. C\u00f3mo usamos la informaci\u00f3n<\/strong><\/p><p>Usamos su informaci\u00f3n para:<\/p><ul><li><p>Procesar sus pedidos y administrar su cuenta<\/p><\/li><li><p>Mejorar nuestro sitio web y productos<\/p><\/li><li><p>Comprender c\u00f3mo nuestros usuarios utilizan nuestros servicios<\/p><\/li><li><p>Comunicarnos con usted, ya sea directamente o a trav\u00e9s de uno de nuestros socios, incluido el servicio de atenci\u00f3n al cliente, para proporcionar actualizaciones y otra informaci\u00f3n, y con fines promocionales y de marketing.<\/p><\/li><\/ul><p><strong>5. C\u00f3mo compartimos la informaci\u00f3n<\/strong><\/p><p>No vendemos, intercambiamos ni transferimos de otro modo sus datos personales a terceros a menos que notifiquemos a los usuarios con anticipaci\u00f3n. Esto no incluye a los socios de alojamiento de sitios web y otras partes que nos ayudan a operar nuestro sitio web o a servir a nuestros usuarios.<\/p><p><strong>6. Elecciones del usuario<\/strong><\/p><p>Puede solicitar el acceso, la rectificaci\u00f3n o la eliminaci\u00f3n de sus datos personales en cualquier momento poni\u00e9ndose en contacto con nosotros en <a href=\"mailto:info@naturaedecor.com\">info@naturaedecor.com<\/a><\/p><p><strong>7. Pol\u00edtica de cookies<\/strong><\/p><p>Nuestro sitio web utiliza cookies para mejorar su experiencia y recopilar informaci\u00f3n sobre los visitantes y las visitas a nuestros sitios web. Puede encontrar a continuaci\u00f3n una lista de las cookies que utilizamos:<\/p><p>\u00a0_gid, _gat_UA-215870462-1, _ga_0TD8CB847S, _ga, l7_az, ts_c, LANG, enforce_policy, x-pp-s, tsrce, nsid, ts, paypal-offers\u2014cust<\/p><p>Usted es libre de permitir cookies o no. Todos estos est\u00e1n relacionados con PayPal para comprar sus productos o para acceder a la informaci\u00f3n. Si desea saber qu\u00e9 informaci\u00f3n recopilamos, consulte la secci\u00f3n 2. Qu\u00e9 informaci\u00f3n recopilamos.<\/p><p><strong>8. Seguridad de datos<\/strong><\/p><p>Hemos implementado medidas de seguridad apropiadas para evitar que sus datos personales se pierdan, utilicen o accedan accidentalmente de forma no autorizada, se alteren o divulguen.<\/p><p><strong>9. Privacidad de los ni\u00f1os<\/strong><\/p><p>Nuestro sitio web no recopila ni solicita informaci\u00f3n personal de ninguna persona menor de 13 a\u00f1os. Si tiene menos de 13 a\u00f1os, no nos env\u00ede ninguna informaci\u00f3n sobre usted.<\/p><p><strong>10. Actualizaciones de pol\u00edticas<\/strong><\/p><p>Nos reservamos el derecho de modificar esta pol\u00edtica de privacidad en cualquier momento. Los cambios y aclaraciones entrar\u00e1n en vigor inmediatamente despu\u00e9s de su publicaci\u00f3n en el sitio web.<\/p><p><strong>11. Informaci\u00f3n de contacto<\/strong><\/p><p>P\u00f3ngase en contacto con nosotros si tiene alguna pregunta o inquietud haciendo <a href=\"https:\/\/naturaedecor.com\/contact\/\">clic aqu\u00ed.<\/a> Tambi\u00e9n puede contactarnos usando lo siguiente:<\/p><p><strong><u>Correo<\/u><\/strong><\/p><p>Naturae D\u00e9cor<br \/>2165 Rue Power,<br \/>Drummondville, QC J2C 6Z5<br \/>Canada<\/p><p><strong>Tel\u00e9fono<br \/><\/strong>1-833-505-3009<\/p><p><strong><u>Correo electr\u00f3nico<br \/><\/u><\/strong><a href=\"mailto:info@naturaedecor.com\">info@naturaedecor.com<\/a><\/p><p><strong>12. Fecha de vigencia<\/strong><\/p><p>14 de junio de 2023<\/p>\t\t\t\t\t\t\t\t<\/div>\n\t\t\t\t<\/div>\n\t\t\t\t\t<\/div>\n\t\t<\/div>\n\t\t\t\t\t<\/div>\n\t\t<\/section>\n\t\t\t\t<\/div>\n\t\t","protected":false},"excerpt":{"rendered":"<p>Pol\u00edtica de privacidad 1. Introducci\u00f3n En Naturae Decor&#x2122; respetamos tu privacidad y nos comprometemos a protegerla. Esta Pol\u00edtica de privacidad explica c\u00f3mo recopilamos, usamos, divulgamos y protegemos su informaci\u00f3n cuando visita nuestro sitio web y realiza compras en nuestra tienda en l\u00ednea. 2. Qu\u00e9 informaci\u00f3n recopilamos Podemos recopilar los siguientes tipos de informaci\u00f3n: Informaci\u00f3n de [&hellip;]<\/p>\n","protected":false},"author":1,"featured_media":0,"parent":0,"menu_order":0,"comment_status":"closed","ping_status":"closed","template":"elementor_header_footer","meta":{"_acf_changed":false,"footnotes":""},"class_list":["post-11320","page","type-page","status-publish","hentry"],"acf":[],"yoast_head":"<!-- This site is optimized with the Yoast SEO plugin v27.4 - https:\/\/yoast.com\/product\/yoast-seo-wordpress\/ -->\n<title>Pol\u00edtica de privacidad - Naturae Decor<\/title>\n<meta name=\"robots\" content=\"index, follow, max-snippet:-1, max-image-preview:large, max-video-preview:-1\" \/>\n<link rel=\"canonical\" href=\"https:\/\/naturaedecor.com\/es\/politica-de-privacidad\/\" \/>\n<meta property=\"og:locale\" content=\"es_ES\" \/>\n<meta property=\"og:type\" content=\"article\" \/>\n<meta property=\"og:title\" content=\"Pol\u00edtica de privacidad - Naturae Decor\" \/>\n<meta property=\"og:description\" content=\"Pol\u00edtica de privacidad 1. Introducci\u00f3n En Naturae Decor&#x2122; respetamos tu privacidad y nos comprometemos a protegerla. Esta Pol\u00edtica de privacidad explica c\u00f3mo recopilamos, usamos, divulgamos y protegemos su informaci\u00f3n cuando visita nuestro sitio web y realiza compras en nuestra tienda en l\u00ednea. 2. Qu\u00e9 informaci\u00f3n recopilamos Podemos recopilar los siguientes tipos de informaci\u00f3n: Informaci\u00f3n de [&hellip;]\" \/>\n<meta property=\"og:url\" content=\"https:\/\/naturaedecor.com\/es\/politica-de-privacidad\/\" \/>\n<meta property=\"og:site_name\" content=\"Naturae Decor\" \/>\n<meta property=\"article:publisher\" content=\"https:\/\/www.facebook.com\/naturaedecor\/\" \/>\n<meta property=\"article:modified_time\" content=\"2023-06-16T19:25:21+00:00\" \/>\n<meta property=\"og:image\" content=\"https:\/\/naturaedecor.com\/wp-content\/uploads\/2021\/11\/facebook-thumbnail.jpg\" \/>\n\t<meta property=\"og:image:width\" content=\"1200\" \/>\n\t<meta property=\"og:image:height\" content=\"633\" \/>\n\t<meta property=\"og:image:type\" content=\"image\/jpeg\" \/>\n<meta name=\"twitter:card\" content=\"summary_large_image\" \/>\n<meta name=\"twitter:site\" content=\"@Naturaedecor\" \/>\n<script type=\"application\/ld+json\" class=\"yoast-schema-graph\">{\"@context\":\"https:\\\/\\\/schema.org\",\"@graph\":[{\"@type\":\"WebPage\",\"@id\":\"https:\\\/\\\/naturaedecor.com\\\/es\\\/politica-de-privacidad\\\/\",\"url\":\"https:\\\/\\\/naturaedecor.com\\\/es\\\/politica-de-privacidad\\\/\",\"name\":\"Pol\u00edtica de privacidad - Naturae Decor\",\"isPartOf\":{\"@id\":\"https:\\\/\\\/naturaedecor.com\\\/#website\"},\"datePublished\":\"2023-06-16T19:23:29+00:00\",\"dateModified\":\"2023-06-16T19:25:21+00:00\",\"breadcrumb\":{\"@id\":\"https:\\\/\\\/naturaedecor.com\\\/es\\\/politica-de-privacidad\\\/#breadcrumb\"},\"inLanguage\":\"es\",\"potentialAction\":[{\"@type\":\"ReadAction\",\"target\":[\"https:\\\/\\\/naturaedecor.com\\\/es\\\/politica-de-privacidad\\\/\"]}]},{\"@type\":\"BreadcrumbList\",\"@id\":\"https:\\\/\\\/naturaedecor.com\\\/es\\\/politica-de-privacidad\\\/#breadcrumb\",\"itemListElement\":[{\"@type\":\"ListItem\",\"position\":1,\"name\":\"Home\",\"item\":\"https:\\\/\\\/naturaedecor.com\\\/es\\\/\"},{\"@type\":\"ListItem\",\"position\":2,\"name\":\"Pol\u00edtica de privacidad\"}]},{\"@type\":\"WebSite\",\"@id\":\"https:\\\/\\\/naturaedecor.com\\\/#website\",\"url\":\"https:\\\/\\\/naturaedecor.com\\\/\",\"name\":\"Naturae Decor\",\"description\":\"Add a feeling of tranquility to your space\",\"publisher\":{\"@id\":\"https:\\\/\\\/naturaedecor.com\\\/#organization\"},\"potentialAction\":[{\"@type\":\"SearchAction\",\"target\":{\"@type\":\"EntryPoint\",\"urlTemplate\":\"https:\\\/\\\/naturaedecor.com\\\/?s={search_term_string}\"},\"query-input\":{\"@type\":\"PropertyValueSpecification\",\"valueRequired\":true,\"valueName\":\"search_term_string\"}}],\"inLanguage\":\"es\"},{\"@type\":\"Organization\",\"@id\":\"https:\\\/\\\/naturaedecor.com\\\/#organization\",\"name\":\"Naturae Decor\",\"url\":\"https:\\\/\\\/naturaedecor.com\\\/\",\"logo\":{\"@type\":\"ImageObject\",\"inLanguage\":\"es\",\"@id\":\"https:\\\/\\\/naturaedecor.com\\\/#\\\/schema\\\/logo\\\/image\\\/\",\"url\":\"https:\\\/\\\/naturaedecor.com\\\/wp-content\\\/uploads\\\/2021\\\/07\\\/logo-sticky.png\",\"contentUrl\":\"https:\\\/\\\/naturaedecor.com\\\/wp-content\\\/uploads\\\/2021\\\/07\\\/logo-sticky.png\",\"width\":248,\"height\":96,\"caption\":\"Naturae Decor\"},\"image\":{\"@id\":\"https:\\\/\\\/naturaedecor.com\\\/#\\\/schema\\\/logo\\\/image\\\/\"},\"sameAs\":[\"https:\\\/\\\/www.facebook.com\\\/naturaedecor\\\/\",\"https:\\\/\\\/x.com\\\/Naturaedecor\",\"https:\\\/\\\/www.instagram.com\\\/naturaedecor\\\/\",\"https:\\\/\\\/www.pinterest.ca\\\/naturaedecor\\\/\"]}]}<\/script>\n<!-- \/ Yoast SEO plugin. -->","yoast_head_json":{"title":"Pol\u00edtica de privacidad - Naturae Decor","robots":{"index":"index","follow":"follow","max-snippet":"max-snippet:-1","max-image-preview":"max-image-preview:large","max-video-preview":"max-video-preview:-1"},"canonical":"https:\/\/naturaedecor.com\/es\/politica-de-privacidad\/","og_locale":"es_ES","og_type":"article","og_title":"Pol\u00edtica de privacidad - Naturae Decor","og_description":"Pol\u00edtica de privacidad 1. Introducci\u00f3n En Naturae Decor&#x2122; respetamos tu privacidad y nos comprometemos a protegerla. Esta Pol\u00edtica de privacidad explica c\u00f3mo recopilamos, usamos, divulgamos y protegemos su informaci\u00f3n cuando visita nuestro sitio web y realiza compras en nuestra tienda en l\u00ednea. 2. Qu\u00e9 informaci\u00f3n recopilamos Podemos recopilar los siguientes tipos de informaci\u00f3n: Informaci\u00f3n de [&hellip;]","og_url":"https:\/\/naturaedecor.com\/es\/politica-de-privacidad\/","og_site_name":"Naturae Decor","article_publisher":"https:\/\/www.facebook.com\/naturaedecor\/","article_modified_time":"2023-06-16T19:25:21+00:00","og_image":[{"width":1200,"height":633,"url":"https:\/\/naturaedecor.com\/wp-content\/uploads\/2021\/11\/facebook-thumbnail.jpg","type":"image\/jpeg"}],"twitter_card":"summary_large_image","twitter_site":"@Naturaedecor","schema":{"@context":"https:\/\/schema.org","@graph":[{"@type":"WebPage","@id":"https:\/\/naturaedecor.com\/es\/politica-de-privacidad\/","url":"https:\/\/naturaedecor.com\/es\/politica-de-privacidad\/","name":"Pol\u00edtica de privacidad - Naturae Decor","isPartOf":{"@id":"https:\/\/naturaedecor.com\/#website"},"datePublished":"2023-06-16T19:23:29+00:00","dateModified":"2023-06-16T19:25:21+00:00","breadcrumb":{"@id":"https:\/\/naturaedecor.com\/es\/politica-de-privacidad\/#breadcrumb"},"inLanguage":"es","potentialAction":[{"@type":"ReadAction","target":["https:\/\/naturaedecor.com\/es\/politica-de-privacidad\/"]}]},{"@type":"BreadcrumbList","@id":"https:\/\/naturaedecor.com\/es\/politica-de-privacidad\/#breadcrumb","itemListElement":[{"@type":"ListItem","position":1,"name":"Home","item":"https:\/\/naturaedecor.com\/es\/"},{"@type":"ListItem","position":2,"name":"Pol\u00edtica de privacidad"}]},{"@type":"WebSite","@id":"https:\/\/naturaedecor.com\/#website","url":"https:\/\/naturaedecor.com\/","name":"Naturae Decor","description":"Add a feeling of tranquility to your space","publisher":{"@id":"https:\/\/naturaedecor.com\/#organization"},"potentialAction":[{"@type":"SearchAction","target":{"@type":"EntryPoint","urlTemplate":"https:\/\/naturaedecor.com\/?s={search_term_string}"},"query-input":{"@type":"PropertyValueSpecification","valueRequired":true,"valueName":"search_term_string"}}],"inLanguage":"es"},{"@type":"Organization","@id":"https:\/\/naturaedecor.com\/#organization","name":"Naturae Decor","url":"https:\/\/naturaedecor.com\/","logo":{"@type":"ImageObject","inLanguage":"es","@id":"https:\/\/naturaedecor.com\/#\/schema\/logo\/image\/","url":"https:\/\/naturaedecor.com\/wp-content\/uploads\/2021\/07\/logo-sticky.png","contentUrl":"https:\/\/naturaedecor.com\/wp-content\/uploads\/2021\/07\/logo-sticky.png","width":248,"height":96,"caption":"Naturae Decor"},"image":{"@id":"https:\/\/naturaedecor.com\/#\/schema\/logo\/image\/"},"sameAs":["https:\/\/www.facebook.com\/naturaedecor\/","https:\/\/x.com\/Naturaedecor","https:\/\/www.instagram.com\/naturaedecor\/","https:\/\/www.pinterest.ca\/naturaedecor\/"]}]}},"_links":{"self":[{"href":"https:\/\/naturaedecor.com\/es\/wp-json\/wp\/v2\/pages\/11320","targetHints":{"allow":["GET"]}}],"collection":[{"href":"https:\/\/naturaedecor.com\/es\/wp-json\/wp\/v2\/pages"}],"about":[{"href":"https:\/\/naturaedecor.com\/es\/wp-json\/wp\/v2\/types\/page"}],"author":[{"embeddable":true,"href":"https:\/\/naturaedecor.com\/es\/wp-json\/wp\/v2\/users\/1"}],"replies":[{"embeddable":true,"href":"https:\/\/naturaedecor.com\/es\/wp-json\/wp\/v2\/comments?post=11320"}],"version-history":[{"count":7,"href":"https:\/\/naturaedecor.com\/es\/wp-json\/wp\/v2\/pages\/11320\/revisions"}],"predecessor-version":[{"id":11339,"href":"https:\/\/naturaedecor.com\/es\/wp-json\/wp\/v2\/pages\/11320\/revisions\/11339"}],"wp:attachment":[{"href":"https:\/\/naturaedecor.com\/es\/wp-json\/wp\/v2\/media?parent=11320"}],"curies":[{"name":"wp","href":"https:\/\/api.w.org\/{rel}","templated":true}]}}