{"id":11328,"date":"2023-06-16T15:27:03","date_gmt":"2023-06-16T19:27:03","guid":{"rendered":"https:\/\/naturaedecor.com\/?page_id=11328"},"modified":"2023-06-16T15:28:59","modified_gmt":"2023-06-16T19:28:59","slug":"terminos-y-condiciones","status":"publish","type":"page","link":"https:\/\/naturaedecor.com\/es\/terminos-y-condiciones\/","title":{"rendered":"T\u00e9rminos y condiciones"},"content":{"rendered":"\t\t<div data-elementor-type=\"wp-post\" data-elementor-id=\"11328\" class=\"elementor elementor-11328 elementor-11327\">\n\t\t\t\t\t\t<section class=\"elementor-section elementor-top-section elementor-element elementor-element-74a0977 elementor-section-full_width elementor-section-height-min-height elementor-section-height-default elementor-section-items-middle\" data-id=\"74a0977\" data-element_type=\"section\" data-e-type=\"section\" data-settings=\"{&quot;jet_parallax_layout_list&quot;:[{&quot;jet_parallax_layout_image&quot;:{&quot;url&quot;:&quot;&quot;,&quot;id&quot;:&quot;&quot;,&quot;size&quot;:&quot;&quot;},&quot;_id&quot;:&quot;5e4991d&quot;,&quot;jet_parallax_layout_image_tablet&quot;:{&quot;url&quot;:&quot;&quot;,&quot;id&quot;:&quot;&quot;,&quot;size&quot;:&quot;&quot;},&quot;jet_parallax_layout_image_mobile&quot;:{&quot;url&quot;:&quot;&quot;,&quot;id&quot;:&quot;&quot;,&quot;size&quot;:&quot;&quot;},&quot;jet_parallax_layout_speed&quot;:{&quot;unit&quot;:&quot;%&quot;,&quot;size&quot;:50,&quot;sizes&quot;:[]},&quot;jet_parallax_layout_type&quot;:&quot;scroll&quot;,&quot;jet_parallax_layout_direction&quot;:&quot;1&quot;,&quot;jet_parallax_layout_fx_direction&quot;:null,&quot;jet_parallax_layout_z_index&quot;:&quot;&quot;,&quot;jet_parallax_layout_bg_x&quot;:50,&quot;jet_parallax_layout_bg_x_tablet&quot;:&quot;&quot;,&quot;jet_parallax_layout_bg_x_mobile&quot;:&quot;&quot;,&quot;jet_parallax_layout_bg_y&quot;:50,&quot;jet_parallax_layout_bg_y_tablet&quot;:&quot;&quot;,&quot;jet_parallax_layout_bg_y_mobile&quot;:&quot;&quot;,&quot;jet_parallax_layout_bg_size&quot;:&quot;auto&quot;,&quot;jet_parallax_layout_bg_size_tablet&quot;:&quot;&quot;,&quot;jet_parallax_layout_bg_size_mobile&quot;:&quot;&quot;,&quot;jet_parallax_layout_animation_prop&quot;:&quot;transform&quot;,&quot;jet_parallax_layout_on&quot;:[&quot;desktop&quot;,&quot;tablet&quot;]}],&quot;shape_divider_bottom&quot;:&quot;mountains&quot;,&quot;background_background&quot;:&quot;classic&quot;}\">\n\t\t\t\t\t\t\t<div class=\"elementor-background-overlay\"><\/div>\n\t\t\t\t\t\t<div class=\"elementor-shape elementor-shape-bottom\" aria-hidden=\"true\" data-negative=\"false\">\n\t\t\t<svg xmlns=\"http:\/\/www.w3.org\/2000\/svg\" viewBox=\"0 0 1000 100\" preserveAspectRatio=\"none\">\n\t<path class=\"elementor-shape-fill\" opacity=\"0.33\" d=\"M473,67.3c-203.9,88.3-263.1-34-320.3,0C66,119.1,0,59.7,0,59.7V0h1000v59.7 c0,0-62.1,26.1-94.9,29.3c-32.8,3.3-62.8-12.3-75.8-22.1C806,49.6,745.3,8.7,694.9,4.7S492.4,59,473,67.3z\"\/>\n\t<path class=\"elementor-shape-fill\" opacity=\"0.66\" d=\"M734,67.3c-45.5,0-77.2-23.2-129.1-39.1c-28.6-8.7-150.3-10.1-254,39.1 s-91.7-34.4-149.2,0C115.7,118.3,0,39.8,0,39.8V0h1000v36.5c0,0-28.2-18.5-92.1-18.5C810.2,18.1,775.7,67.3,734,67.3z\"\/>\n\t<path class=\"elementor-shape-fill\" d=\"M766.1,28.9c-200-57.5-266,65.5-395.1,19.5C242,1.8,242,5.4,184.8,20.6C128,35.8,132.3,44.9,89.9,52.5C28.6,63.7,0,0,0,0 h1000c0,0-9.9,40.9-83.6,48.1S829.6,47,766.1,28.9z\"\/>\n<\/svg>\t\t<\/div>\n\t\t\t\t\t<div class=\"elementor-container elementor-column-gap-default\">\n\t\t\t\t\t<div class=\"elementor-column elementor-col-100 elementor-top-column elementor-element elementor-element-4385a51\" data-id=\"4385a51\" data-element_type=\"column\" data-e-type=\"column\">\n\t\t\t<div class=\"elementor-widget-wrap elementor-element-populated\">\n\t\t\t\t\t\t<div class=\"elementor-element elementor-element-655cc8a elementor-align-center elementor-widget elementor-widget-raven-heading\" data-id=\"655cc8a\" data-element_type=\"widget\" data-e-type=\"widget\" data-widget_type=\"raven-heading.default\">\n\t\t\t\t<div class=\"elementor-widget-container\">\n\t\t\t\t\t\t\t<div class=\"raven-widget-wrapper\"><h1 class=\"raven-heading raven-heading-h1\"><span class=\"raven-heading-title \">T\u00e9rminos y condiciones<\/span><\/h1><\/div>\n\t\t\t\t\t\t<\/div>\n\t\t\t\t<\/div>\n\t\t\t\t\t<\/div>\n\t\t<\/div>\n\t\t\t\t\t<\/div>\n\t\t<\/section>\n\t\t\t\t<section class=\"elementor-section elementor-top-section elementor-element elementor-element-d8468ab elementor-section-boxed elementor-section-height-default elementor-section-height-default\" data-id=\"d8468ab\" data-element_type=\"section\" data-e-type=\"section\" data-settings=\"{&quot;jet_parallax_layout_list&quot;:[{&quot;jet_parallax_layout_image&quot;:{&quot;url&quot;:&quot;&quot;,&quot;id&quot;:&quot;&quot;,&quot;size&quot;:&quot;&quot;},&quot;_id&quot;:&quot;8211afd&quot;,&quot;jet_parallax_layout_image_tablet&quot;:{&quot;url&quot;:&quot;&quot;,&quot;id&quot;:&quot;&quot;,&quot;size&quot;:&quot;&quot;},&quot;jet_parallax_layout_image_mobile&quot;:{&quot;url&quot;:&quot;&quot;,&quot;id&quot;:&quot;&quot;,&quot;size&quot;:&quot;&quot;},&quot;jet_parallax_layout_speed&quot;:{&quot;unit&quot;:&quot;%&quot;,&quot;size&quot;:50,&quot;sizes&quot;:[]},&quot;jet_parallax_layout_type&quot;:&quot;scroll&quot;,&quot;jet_parallax_layout_direction&quot;:&quot;1&quot;,&quot;jet_parallax_layout_fx_direction&quot;:null,&quot;jet_parallax_layout_z_index&quot;:&quot;&quot;,&quot;jet_parallax_layout_bg_x&quot;:50,&quot;jet_parallax_layout_bg_x_tablet&quot;:&quot;&quot;,&quot;jet_parallax_layout_bg_x_mobile&quot;:&quot;&quot;,&quot;jet_parallax_layout_bg_y&quot;:50,&quot;jet_parallax_layout_bg_y_tablet&quot;:&quot;&quot;,&quot;jet_parallax_layout_bg_y_mobile&quot;:&quot;&quot;,&quot;jet_parallax_layout_bg_size&quot;:&quot;auto&quot;,&quot;jet_parallax_layout_bg_size_tablet&quot;:&quot;&quot;,&quot;jet_parallax_layout_bg_size_mobile&quot;:&quot;&quot;,&quot;jet_parallax_layout_animation_prop&quot;:&quot;transform&quot;,&quot;jet_parallax_layout_on&quot;:[&quot;desktop&quot;,&quot;tablet&quot;]}]}\">\n\t\t\t\t\t\t<div class=\"elementor-container elementor-column-gap-default\">\n\t\t\t\t\t<div class=\"elementor-column elementor-col-100 elementor-top-column elementor-element elementor-element-f20455b\" data-id=\"f20455b\" data-element_type=\"column\" data-e-type=\"column\">\n\t\t\t<div class=\"elementor-widget-wrap elementor-element-populated\">\n\t\t\t\t\t\t<div class=\"elementor-element elementor-element-6c7cb88 elementor-widget elementor-widget-text-editor\" data-id=\"6c7cb88\" data-element_type=\"widget\" data-e-type=\"widget\" data-widget_type=\"text-editor.default\">\n\t\t\t\t<div class=\"elementor-widget-container\">\n\t\t\t\t\t\t\t\t\t<p><strong>1. Introducci\u00f3n<\/strong><\/p><p>Estos T\u00e9rminos y Condiciones rigen el uso de www.www.naturaedecor.com (el \u00abSitio\u00bb), que es propiedad y est\u00e1 operado por Naturae Decor. (CMP ECOM INC.) Al usar este Sitio, usted indica que ha le\u00eddo y comprende estos T\u00e9rminos y condiciones y acepta cumplirlos en todo momento.<\/p><p><strong>2. Propiedad Intelectual<\/strong><\/p><p>Todo el contenido publicado y disponible en nuestro Sitio es propiedad de Naturae Decor y de los creadores del Sitio. Esto incluye, entre otros, im\u00e1genes, texto, logotipos, documentos, archivos descargables y cualquier cosa que contribuya a la composici\u00f3n de nuestro Sitio Web.<\/p><p><strong>3. Limitaci\u00f3n de responsabilidad<\/strong><\/p><p>Naturae Decor, nuestros directores, funcionarios, agentes, empleados, subsidiarios y afiliadas no ser\u00e1n responsables de ninguna acci\u00f3n, reclamo, p\u00e9rdida, da\u00f1o, responsabilidad y gasto, incluidos los honorarios legales, que surjan de su uso del Sitio.<\/p><p><strong>4. Indemnizaci\u00f3n<\/strong><\/p><p>Excepto donde lo proh\u00edba la ley, al usar este Sitio, usted indemniza y exime a Naturae Decor y a nuestros directores, funcionarios, agentes, empleados, subsidiarios y afiliados de cualquier acci\u00f3n, reclamo, p\u00e9rdida, da\u00f1o, responsabilidad y gasto, incluidos los honorarios legales., que surja de su uso de nuestro Sitio o violaci\u00f3n de estos T\u00e9rminos y Condiciones.<\/p><p><strong>5. Ley aplicable<\/strong><\/p><p>Estos T\u00e9rminos y Condiciones se rigen por las leyes de la Provincia de Quebec y las leyes federales de Canad\u00e1 aplicables all\u00ed.<\/p><p><strong>6. Divisibilidad<\/strong><\/p><p>Si alguna disposici\u00f3n de estos T\u00e9rminos y condiciones se considera inv\u00e1lida o inaplicable seg\u00fan la ley aplicable. En ese caso, dicha disposici\u00f3n se considerar\u00e1 eliminada, y las disposiciones restantes seguir\u00e1n siendo v\u00e1lidas y exigibles.<\/p><p><strong>7. Cambios<\/strong><\/p><p>Estos T\u00e9rminos y condiciones pueden modificarse de vez en cuando para mantener el cumplimiento de la ley y para reflejar cualquier cambio en la forma en que manejamos nuestro Sitio y c\u00f3mo esperamos que los usuarios se comporten en nuestro Sitio. Notificaremos a los usuarios sobre estos cambios en los T\u00e9rminos y condiciones mediante la publicaci\u00f3n de un aviso en nuestro Sitio.<\/p><p><strong>8. Pago y Precios<\/strong><\/p><p>Las condiciones de pago de cualquier Producto comprado a trav\u00e9s del Sitio Web se determinar\u00e1n a la entera discreci\u00f3n de Naturae Decor. El pago se realizar\u00e1 mediante cualquiera de los m\u00e9todos de pago disponibles en el Sitio, los cuales est\u00e1n sujetos a cambios sin previo aviso. Actualmente, los m\u00e9todos de pago aceptables incluyen Visa, MasterCard y PayPal. Todos los precios de los productos est\u00e1n sujetos a cambios en cualquier momento sin previo aviso, a nuestro exclusivo criterio. Nos reservamos el derecho de descontinuar cualquier producto en cualquier momento. Cualquier oferta de cualquier producto o servicio realizado en este sitio es nula donde est\u00e9 prohibido. En caso de que no est\u00e9 satisfecho con su \u00a0\u00a0compra, puede solicitar una solicitud de devoluci\u00f3n directamente en nuestro sitio web o contact\u00e1ndonos directamente. Para obtener m\u00e1s informaci\u00f3n, visite nuestra p\u00e1gina de Pol\u00edtica de devoluciones. En caso de que el precio o la informaci\u00f3n relacionada con un Producto sea incorrecto debido a un error en el precio o en la informaci\u00f3n del producto, Naturae Decor podr\u00eda, a su exclusivo criterio, rechazar o cancelar su pedido, ya sea antes o despu\u00e9s de que Naturae Decor lo acepte. Si existe un error de este tipo en el precio, Naturae Decor cancelar\u00e1 su pedido y revertir\u00e1 los cargos que se hayan aplicado, luego se comunicar\u00e1 con usted para solicitarle que realice un nuevo pedido del Producto al precio correcto.<\/p><p><strong>9. Producto y Servicios<\/strong><\/p><p>Los productos que se pueden comprar en el Sitio Web est\u00e1n disponibles para la venta y distribuci\u00f3n a clientes en Canad\u00e1, M\u00e9xico y los Estados Unidos continentales (excepto Alaska) \u00fanicamente. Naturae Decor intenta ser lo m\u00e1s preciso posible en la descripci\u00f3n de todos los Productos disponibles para la venta y distribuci\u00f3n por parte de Naturae Decor. Sin embargo, Naturae Decor no garantiza que las descripciones de los Productos o otro contenido del Sitio sean precisos, completos, confiables, actuales o libres de errores. Tenga en cuenta que debido a que los colores de los Productos que ve depender\u00e1n de su monitor, Naturae Decor no puede garantizar que su monitor muestre el color real exacto de un Producto mostrado.<\/p><p>La disponibilidad de ciertos Productos puede ser limitada y es posible que los Productos no est\u00e9n disponibles para la venta inmediata. Naturae Decor puede revisar o dejar de poner a disposici\u00f3n cualquier Producto en cualquier momento sin previo aviso. En caso de que Naturae Decor no pueda entregarle un Producto solicitado debido a la falta de disponibilidad, Naturae Decor te notificar\u00e1 por correo electr\u00f3nico y su pedido ser\u00e1 cancelado autom\u00e1ticamente con respecto a dicho Producto no disponible, siempre que Naturae Decor pueda, a su exclusivo criterio, contactarlo para permitirle mantener su pedido sujeto a un tiempo de entrega revisado siempre y cuando el Producto est\u00e9 disponible.<\/p><p><strong>10. Informaci\u00f3n de contacto<\/strong><\/p><p>P\u00f3ngase en contacto con nosotros si tiene alguna pregunta o inquietud haciendo <a href=\"https:\/\/naturaedecor.com\/contact\/\">clic aqu\u00ed<\/a>. Tambi\u00e9n puede contactarnos usando lo siguiente:<\/p><p><strong><u>Correo<\/u><\/strong><\/p><p>Naturae D\u00e9cor<br \/>2165 Rue Power,<br \/>Drummondville, QC J2C 6Z5<br \/>Canada<\/p><p><strong>Tel\u00e9fono<br \/><\/strong>1-833-505-3009<br \/><br \/><strong><u>Correo electr\u00f3nico<br \/><\/u><\/strong><a href=\"mailto:info@naturaedecor.com\">info@naturaedecor.com<\/a><br \/><br \/><strong>11. Fecha de vigencia<\/strong><\/p><p>14 de junio de 2023<\/p>\t\t\t\t\t\t\t\t<\/div>\n\t\t\t\t<\/div>\n\t\t\t\t\t<\/div>\n\t\t<\/div>\n\t\t\t\t\t<\/div>\n\t\t<\/section>\n\t\t\t\t<\/div>\n\t\t","protected":false},"excerpt":{"rendered":"<p>T\u00e9rminos y condiciones 1. Introducci\u00f3n Estos T\u00e9rminos y Condiciones rigen el uso de www.www.naturaedecor.com (el \u00abSitio\u00bb), que es propiedad y est\u00e1 operado por Naturae Decor. (CMP ECOM INC.) Al usar este Sitio, usted indica que ha le\u00eddo y comprende estos T\u00e9rminos y condiciones y acepta cumplirlos en todo momento. 2. Propiedad Intelectual Todo el contenido [&hellip;]<\/p>\n","protected":false},"author":1,"featured_media":0,"parent":0,"menu_order":0,"comment_status":"closed","ping_status":"closed","template":"elementor_header_footer","meta":{"_acf_changed":false,"footnotes":""},"class_list":["post-11328","page","type-page","status-publish","hentry"],"acf":[],"yoast_head":"<!-- This site is optimized with the Yoast SEO plugin v27.4 - https:\/\/yoast.com\/product\/yoast-seo-wordpress\/ -->\n<title>T\u00e9rminos y condiciones - Naturae Decor<\/title>\n<meta name=\"robots\" content=\"index, follow, max-snippet:-1, max-image-preview:large, max-video-preview:-1\" \/>\n<link rel=\"canonical\" href=\"https:\/\/naturaedecor.com\/es\/terminos-y-condiciones\/\" \/>\n<meta property=\"og:locale\" content=\"es_ES\" \/>\n<meta property=\"og:type\" content=\"article\" \/>\n<meta property=\"og:title\" content=\"T\u00e9rminos y condiciones - Naturae Decor\" \/>\n<meta property=\"og:description\" content=\"T\u00e9rminos y condiciones 1. Introducci\u00f3n Estos T\u00e9rminos y Condiciones rigen el uso de www.www.naturaedecor.com (el \u00abSitio\u00bb), que es propiedad y est\u00e1 operado por Naturae Decor. (CMP ECOM INC.) Al usar este Sitio, usted indica que ha le\u00eddo y comprende estos T\u00e9rminos y condiciones y acepta cumplirlos en todo momento. 2. Propiedad Intelectual Todo el contenido [&hellip;]\" \/>\n<meta property=\"og:url\" content=\"https:\/\/naturaedecor.com\/es\/terminos-y-condiciones\/\" \/>\n<meta property=\"og:site_name\" content=\"Naturae Decor\" \/>\n<meta property=\"article:publisher\" content=\"https:\/\/www.facebook.com\/naturaedecor\/\" \/>\n<meta property=\"article:modified_time\" content=\"2023-06-16T19:28:59+00:00\" \/>\n<meta property=\"og:image\" content=\"https:\/\/naturaedecor.com\/wp-content\/uploads\/2021\/11\/facebook-thumbnail.jpg\" \/>\n\t<meta property=\"og:image:width\" content=\"1200\" \/>\n\t<meta property=\"og:image:height\" content=\"633\" \/>\n\t<meta property=\"og:image:type\" content=\"image\/jpeg\" \/>\n<meta name=\"twitter:card\" content=\"summary_large_image\" \/>\n<meta name=\"twitter:site\" content=\"@Naturaedecor\" \/>\n<script type=\"application\/ld+json\" class=\"yoast-schema-graph\">{\"@context\":\"https:\\\/\\\/schema.org\",\"@graph\":[{\"@type\":\"WebPage\",\"@id\":\"https:\\\/\\\/naturaedecor.com\\\/es\\\/terminos-y-condiciones\\\/\",\"url\":\"https:\\\/\\\/naturaedecor.com\\\/es\\\/terminos-y-condiciones\\\/\",\"name\":\"T\u00e9rminos y condiciones - Naturae Decor\",\"isPartOf\":{\"@id\":\"https:\\\/\\\/naturaedecor.com\\\/#website\"},\"datePublished\":\"2023-06-16T19:27:03+00:00\",\"dateModified\":\"2023-06-16T19:28:59+00:00\",\"breadcrumb\":{\"@id\":\"https:\\\/\\\/naturaedecor.com\\\/es\\\/terminos-y-condiciones\\\/#breadcrumb\"},\"inLanguage\":\"es\",\"potentialAction\":[{\"@type\":\"ReadAction\",\"target\":[\"https:\\\/\\\/naturaedecor.com\\\/es\\\/terminos-y-condiciones\\\/\"]}]},{\"@type\":\"BreadcrumbList\",\"@id\":\"https:\\\/\\\/naturaedecor.com\\\/es\\\/terminos-y-condiciones\\\/#breadcrumb\",\"itemListElement\":[{\"@type\":\"ListItem\",\"position\":1,\"name\":\"Home\",\"item\":\"https:\\\/\\\/naturaedecor.com\\\/es\\\/\"},{\"@type\":\"ListItem\",\"position\":2,\"name\":\"T\u00e9rminos y condiciones\"}]},{\"@type\":\"WebSite\",\"@id\":\"https:\\\/\\\/naturaedecor.com\\\/#website\",\"url\":\"https:\\\/\\\/naturaedecor.com\\\/\",\"name\":\"Naturae Decor\",\"description\":\"Add a feeling of tranquility to your space\",\"publisher\":{\"@id\":\"https:\\\/\\\/naturaedecor.com\\\/#organization\"},\"potentialAction\":[{\"@type\":\"SearchAction\",\"target\":{\"@type\":\"EntryPoint\",\"urlTemplate\":\"https:\\\/\\\/naturaedecor.com\\\/?s={search_term_string}\"},\"query-input\":{\"@type\":\"PropertyValueSpecification\",\"valueRequired\":true,\"valueName\":\"search_term_string\"}}],\"inLanguage\":\"es\"},{\"@type\":\"Organization\",\"@id\":\"https:\\\/\\\/naturaedecor.com\\\/#organization\",\"name\":\"Naturae Decor\",\"url\":\"https:\\\/\\\/naturaedecor.com\\\/\",\"logo\":{\"@type\":\"ImageObject\",\"inLanguage\":\"es\",\"@id\":\"https:\\\/\\\/naturaedecor.com\\\/#\\\/schema\\\/logo\\\/image\\\/\",\"url\":\"https:\\\/\\\/naturaedecor.com\\\/wp-content\\\/uploads\\\/2021\\\/07\\\/logo-sticky.png\",\"contentUrl\":\"https:\\\/\\\/naturaedecor.com\\\/wp-content\\\/uploads\\\/2021\\\/07\\\/logo-sticky.png\",\"width\":248,\"height\":96,\"caption\":\"Naturae Decor\"},\"image\":{\"@id\":\"https:\\\/\\\/naturaedecor.com\\\/#\\\/schema\\\/logo\\\/image\\\/\"},\"sameAs\":[\"https:\\\/\\\/www.facebook.com\\\/naturaedecor\\\/\",\"https:\\\/\\\/x.com\\\/Naturaedecor\",\"https:\\\/\\\/www.instagram.com\\\/naturaedecor\\\/\",\"https:\\\/\\\/www.pinterest.ca\\\/naturaedecor\\\/\"]}]}<\/script>\n<!-- \/ Yoast SEO plugin. -->","yoast_head_json":{"title":"T\u00e9rminos y condiciones - Naturae Decor","robots":{"index":"index","follow":"follow","max-snippet":"max-snippet:-1","max-image-preview":"max-image-preview:large","max-video-preview":"max-video-preview:-1"},"canonical":"https:\/\/naturaedecor.com\/es\/terminos-y-condiciones\/","og_locale":"es_ES","og_type":"article","og_title":"T\u00e9rminos y condiciones - Naturae Decor","og_description":"T\u00e9rminos y condiciones 1. Introducci\u00f3n Estos T\u00e9rminos y Condiciones rigen el uso de www.www.naturaedecor.com (el \u00abSitio\u00bb), que es propiedad y est\u00e1 operado por Naturae Decor. (CMP ECOM INC.) Al usar este Sitio, usted indica que ha le\u00eddo y comprende estos T\u00e9rminos y condiciones y acepta cumplirlos en todo momento. 2. Propiedad Intelectual Todo el contenido [&hellip;]","og_url":"https:\/\/naturaedecor.com\/es\/terminos-y-condiciones\/","og_site_name":"Naturae Decor","article_publisher":"https:\/\/www.facebook.com\/naturaedecor\/","article_modified_time":"2023-06-16T19:28:59+00:00","og_image":[{"width":1200,"height":633,"url":"https:\/\/naturaedecor.com\/wp-content\/uploads\/2021\/11\/facebook-thumbnail.jpg","type":"image\/jpeg"}],"twitter_card":"summary_large_image","twitter_site":"@Naturaedecor","schema":{"@context":"https:\/\/schema.org","@graph":[{"@type":"WebPage","@id":"https:\/\/naturaedecor.com\/es\/terminos-y-condiciones\/","url":"https:\/\/naturaedecor.com\/es\/terminos-y-condiciones\/","name":"T\u00e9rminos y condiciones - Naturae Decor","isPartOf":{"@id":"https:\/\/naturaedecor.com\/#website"},"datePublished":"2023-06-16T19:27:03+00:00","dateModified":"2023-06-16T19:28:59+00:00","breadcrumb":{"@id":"https:\/\/naturaedecor.com\/es\/terminos-y-condiciones\/#breadcrumb"},"inLanguage":"es","potentialAction":[{"@type":"ReadAction","target":["https:\/\/naturaedecor.com\/es\/terminos-y-condiciones\/"]}]},{"@type":"BreadcrumbList","@id":"https:\/\/naturaedecor.com\/es\/terminos-y-condiciones\/#breadcrumb","itemListElement":[{"@type":"ListItem","position":1,"name":"Home","item":"https:\/\/naturaedecor.com\/es\/"},{"@type":"ListItem","position":2,"name":"T\u00e9rminos y condiciones"}]},{"@type":"WebSite","@id":"https:\/\/naturaedecor.com\/#website","url":"https:\/\/naturaedecor.com\/","name":"Naturae Decor","description":"Add a feeling of tranquility to your space","publisher":{"@id":"https:\/\/naturaedecor.com\/#organization"},"potentialAction":[{"@type":"SearchAction","target":{"@type":"EntryPoint","urlTemplate":"https:\/\/naturaedecor.com\/?s={search_term_string}"},"query-input":{"@type":"PropertyValueSpecification","valueRequired":true,"valueName":"search_term_string"}}],"inLanguage":"es"},{"@type":"Organization","@id":"https:\/\/naturaedecor.com\/#organization","name":"Naturae Decor","url":"https:\/\/naturaedecor.com\/","logo":{"@type":"ImageObject","inLanguage":"es","@id":"https:\/\/naturaedecor.com\/#\/schema\/logo\/image\/","url":"https:\/\/naturaedecor.com\/wp-content\/uploads\/2021\/07\/logo-sticky.png","contentUrl":"https:\/\/naturaedecor.com\/wp-content\/uploads\/2021\/07\/logo-sticky.png","width":248,"height":96,"caption":"Naturae Decor"},"image":{"@id":"https:\/\/naturaedecor.com\/#\/schema\/logo\/image\/"},"sameAs":["https:\/\/www.facebook.com\/naturaedecor\/","https:\/\/x.com\/Naturaedecor","https:\/\/www.instagram.com\/naturaedecor\/","https:\/\/www.pinterest.ca\/naturaedecor\/"]}]}},"_links":{"self":[{"href":"https:\/\/naturaedecor.com\/es\/wp-json\/wp\/v2\/pages\/11328","targetHints":{"allow":["GET"]}}],"collection":[{"href":"https:\/\/naturaedecor.com\/es\/wp-json\/wp\/v2\/pages"}],"about":[{"href":"https:\/\/naturaedecor.com\/es\/wp-json\/wp\/v2\/types\/page"}],"author":[{"embeddable":true,"href":"https:\/\/naturaedecor.com\/es\/wp-json\/wp\/v2\/users\/1"}],"replies":[{"embeddable":true,"href":"https:\/\/naturaedecor.com\/es\/wp-json\/wp\/v2\/comments?post=11328"}],"version-history":[{"count":5,"href":"https:\/\/naturaedecor.com\/es\/wp-json\/wp\/v2\/pages\/11328\/revisions"}],"predecessor-version":[{"id":11344,"href":"https:\/\/naturaedecor.com\/es\/wp-json\/wp\/v2\/pages\/11328\/revisions\/11344"}],"wp:attachment":[{"href":"https:\/\/naturaedecor.com\/es\/wp-json\/wp\/v2\/media?parent=11328"}],"curies":[{"name":"wp","href":"https:\/\/api.w.org\/{rel}","templated":true}]}}