{"id":6591,"date":"2021-09-30T17:05:15","date_gmt":"2021-09-30T21:05:15","guid":{"rendered":"https:\/\/naturaedecor.com\/wp2021\/holiday\/"},"modified":"2022-09-15T10:30:13","modified_gmt":"2022-09-15T14:30:13","slug":"navidad","status":"publish","type":"page","link":"https:\/\/naturaedecor.com\/es\/productos\/navidad\/","title":{"rendered":"Navidad"},"content":{"rendered":"\t\t<div data-elementor-type=\"wp-post\" data-elementor-id=\"6591\" class=\"elementor elementor-6591 elementor-5438\">\n\t\t\t\t\t\t<section class=\"elementor-section elementor-top-section elementor-element elementor-element-8c3a1a7 elementor-section-full_width elementor-section-height-min-height elementor-section-height-default elementor-section-items-middle\" data-id=\"8c3a1a7\" data-element_type=\"section\" data-e-type=\"section\" data-settings=\"{&quot;jet_parallax_layout_list&quot;:[{&quot;jet_parallax_layout_image&quot;:{&quot;url&quot;:&quot;&quot;,&quot;id&quot;:&quot;&quot;,&quot;size&quot;:&quot;&quot;},&quot;_id&quot;:&quot;5e4991d&quot;,&quot;jet_parallax_layout_image_tablet&quot;:{&quot;url&quot;:&quot;&quot;,&quot;id&quot;:&quot;&quot;,&quot;size&quot;:&quot;&quot;},&quot;jet_parallax_layout_image_mobile&quot;:{&quot;url&quot;:&quot;&quot;,&quot;id&quot;:&quot;&quot;,&quot;size&quot;:&quot;&quot;},&quot;jet_parallax_layout_speed&quot;:{&quot;unit&quot;:&quot;%&quot;,&quot;size&quot;:50,&quot;sizes&quot;:[]},&quot;jet_parallax_layout_type&quot;:&quot;scroll&quot;,&quot;jet_parallax_layout_direction&quot;:&quot;1&quot;,&quot;jet_parallax_layout_fx_direction&quot;:null,&quot;jet_parallax_layout_z_index&quot;:&quot;&quot;,&quot;jet_parallax_layout_bg_x&quot;:50,&quot;jet_parallax_layout_bg_x_tablet&quot;:&quot;&quot;,&quot;jet_parallax_layout_bg_x_mobile&quot;:&quot;&quot;,&quot;jet_parallax_layout_bg_y&quot;:50,&quot;jet_parallax_layout_bg_y_tablet&quot;:&quot;&quot;,&quot;jet_parallax_layout_bg_y_mobile&quot;:&quot;&quot;,&quot;jet_parallax_layout_bg_size&quot;:&quot;auto&quot;,&quot;jet_parallax_layout_bg_size_tablet&quot;:&quot;&quot;,&quot;jet_parallax_layout_bg_size_mobile&quot;:&quot;&quot;,&quot;jet_parallax_layout_animation_prop&quot;:&quot;transform&quot;,&quot;jet_parallax_layout_on&quot;:[&quot;desktop&quot;,&quot;tablet&quot;]}],&quot;shape_divider_bottom&quot;:&quot;mountains&quot;,&quot;background_background&quot;:&quot;classic&quot;}\">\n\t\t\t\t\t\t\t<div class=\"elementor-background-overlay\"><\/div>\n\t\t\t\t\t\t<div class=\"elementor-shape elementor-shape-bottom\" aria-hidden=\"true\" data-negative=\"false\">\n\t\t\t<svg xmlns=\"http:\/\/www.w3.org\/2000\/svg\" viewBox=\"0 0 1000 100\" preserveAspectRatio=\"none\">\n\t<path class=\"elementor-shape-fill\" opacity=\"0.33\" d=\"M473,67.3c-203.9,88.3-263.1-34-320.3,0C66,119.1,0,59.7,0,59.7V0h1000v59.7 c0,0-62.1,26.1-94.9,29.3c-32.8,3.3-62.8-12.3-75.8-22.1C806,49.6,745.3,8.7,694.9,4.7S492.4,59,473,67.3z\"\/>\n\t<path class=\"elementor-shape-fill\" opacity=\"0.66\" d=\"M734,67.3c-45.5,0-77.2-23.2-129.1-39.1c-28.6-8.7-150.3-10.1-254,39.1 s-91.7-34.4-149.2,0C115.7,118.3,0,39.8,0,39.8V0h1000v36.5c0,0-28.2-18.5-92.1-18.5C810.2,18.1,775.7,67.3,734,67.3z\"\/>\n\t<path class=\"elementor-shape-fill\" d=\"M766.1,28.9c-200-57.5-266,65.5-395.1,19.5C242,1.8,242,5.4,184.8,20.6C128,35.8,132.3,44.9,89.9,52.5C28.6,63.7,0,0,0,0 h1000c0,0-9.9,40.9-83.6,48.1S829.6,47,766.1,28.9z\"\/>\n<\/svg>\t\t<\/div>\n\t\t\t\t\t<div class=\"elementor-container elementor-column-gap-default\">\n\t\t\t\t\t<div class=\"elementor-column elementor-col-100 elementor-top-column elementor-element elementor-element-e4ea66d\" data-id=\"e4ea66d\" data-element_type=\"column\" data-e-type=\"column\">\n\t\t\t<div class=\"elementor-widget-wrap elementor-element-populated\">\n\t\t\t\t\t\t<div class=\"elementor-element elementor-element-b139a67 elementor-align-center elementor-widget elementor-widget-raven-heading\" data-id=\"b139a67\" data-element_type=\"widget\" data-e-type=\"widget\" data-widget_type=\"raven-heading.default\">\n\t\t\t\t<div class=\"elementor-widget-container\">\n\t\t\t\t\t\t\t<div class=\"raven-widget-wrapper\"><h1 class=\"raven-heading raven-heading-h1\"><span class=\"raven-heading-title \">Navidad<\/span><\/h1><\/div>\n\t\t\t\t\t\t<\/div>\n\t\t\t\t<\/div>\n\t\t\t\t\t<\/div>\n\t\t<\/div>\n\t\t\t\t\t<\/div>\n\t\t<\/section>\n\t\t\t\t<section class=\"elementor-section elementor-top-section elementor-element elementor-element-091f5e1 elementor-section-height-min-height elementor-section-items-top elementor-section-boxed elementor-section-height-default\" data-id=\"091f5e1\" data-element_type=\"section\" data-e-type=\"section\" data-settings=\"{&quot;jet_parallax_layout_list&quot;:[{&quot;jet_parallax_layout_image&quot;:{&quot;url&quot;:&quot;&quot;,&quot;id&quot;:&quot;&quot;,&quot;size&quot;:&quot;&quot;},&quot;_id&quot;:&quot;5dd895f&quot;,&quot;jet_parallax_layout_image_tablet&quot;:{&quot;url&quot;:&quot;&quot;,&quot;id&quot;:&quot;&quot;,&quot;size&quot;:&quot;&quot;},&quot;jet_parallax_layout_image_mobile&quot;:{&quot;url&quot;:&quot;&quot;,&quot;id&quot;:&quot;&quot;,&quot;size&quot;:&quot;&quot;},&quot;jet_parallax_layout_speed&quot;:{&quot;unit&quot;:&quot;%&quot;,&quot;size&quot;:50,&quot;sizes&quot;:[]},&quot;jet_parallax_layout_type&quot;:&quot;scroll&quot;,&quot;jet_parallax_layout_direction&quot;:&quot;1&quot;,&quot;jet_parallax_layout_fx_direction&quot;:null,&quot;jet_parallax_layout_z_index&quot;:&quot;&quot;,&quot;jet_parallax_layout_bg_x&quot;:50,&quot;jet_parallax_layout_bg_x_tablet&quot;:&quot;&quot;,&quot;jet_parallax_layout_bg_x_mobile&quot;:&quot;&quot;,&quot;jet_parallax_layout_bg_y&quot;:50,&quot;jet_parallax_layout_bg_y_tablet&quot;:&quot;&quot;,&quot;jet_parallax_layout_bg_y_mobile&quot;:&quot;&quot;,&quot;jet_parallax_layout_bg_size&quot;:&quot;auto&quot;,&quot;jet_parallax_layout_bg_size_tablet&quot;:&quot;&quot;,&quot;jet_parallax_layout_bg_size_mobile&quot;:&quot;&quot;,&quot;jet_parallax_layout_animation_prop&quot;:&quot;transform&quot;,&quot;jet_parallax_layout_on&quot;:[&quot;desktop&quot;,&quot;tablet&quot;]}]}\">\n\t\t\t\t\t\t<div class=\"elementor-container elementor-column-gap-default\">\n\t\t\t\t\t<div class=\"elementor-column elementor-col-100 elementor-top-column elementor-element elementor-element-9dd7121\" data-id=\"9dd7121\" data-element_type=\"column\" data-e-type=\"column\">\n\t\t\t<div class=\"elementor-widget-wrap elementor-element-populated\">\n\t\t\t\t\t\t<div class=\"elementor-element elementor-element-573bdd5 elementor-widget elementor-widget-text-editor\" data-id=\"573bdd5\" data-element_type=\"widget\" data-e-type=\"widget\" data-widget_type=\"text-editor.default\">\n\t\t\t\t<div class=\"elementor-widget-container\">\n\t\t\t\t\t\t\t\t\t<h3>La colecci\u00f3n navide\u00f1a de Naturae Decor \u2122 agrega algo especial a su espacio.<\/h3>\t\t\t\t\t\t\t\t<\/div>\n\t\t\t\t<\/div>\n\t\t\t\t<section class=\"elementor-section elementor-inner-section elementor-element elementor-element-11ca825 elementor-section-boxed elementor-section-height-default elementor-section-height-default\" data-id=\"11ca825\" data-element_type=\"section\" data-e-type=\"section\" data-settings=\"{&quot;jet_parallax_layout_list&quot;:[{&quot;jet_parallax_layout_image&quot;:{&quot;url&quot;:&quot;&quot;,&quot;id&quot;:&quot;&quot;,&quot;size&quot;:&quot;&quot;},&quot;_id&quot;:&quot;03d0683&quot;,&quot;jet_parallax_layout_image_tablet&quot;:{&quot;url&quot;:&quot;&quot;,&quot;id&quot;:&quot;&quot;,&quot;size&quot;:&quot;&quot;},&quot;jet_parallax_layout_image_mobile&quot;:{&quot;url&quot;:&quot;&quot;,&quot;id&quot;:&quot;&quot;,&quot;size&quot;:&quot;&quot;},&quot;jet_parallax_layout_speed&quot;:{&quot;unit&quot;:&quot;%&quot;,&quot;size&quot;:50,&quot;sizes&quot;:[]},&quot;jet_parallax_layout_type&quot;:&quot;scroll&quot;,&quot;jet_parallax_layout_direction&quot;:&quot;1&quot;,&quot;jet_parallax_layout_fx_direction&quot;:null,&quot;jet_parallax_layout_z_index&quot;:&quot;&quot;,&quot;jet_parallax_layout_bg_x&quot;:50,&quot;jet_parallax_layout_bg_x_tablet&quot;:&quot;&quot;,&quot;jet_parallax_layout_bg_x_mobile&quot;:&quot;&quot;,&quot;jet_parallax_layout_bg_y&quot;:50,&quot;jet_parallax_layout_bg_y_tablet&quot;:&quot;&quot;,&quot;jet_parallax_layout_bg_y_mobile&quot;:&quot;&quot;,&quot;jet_parallax_layout_bg_size&quot;:&quot;auto&quot;,&quot;jet_parallax_layout_bg_size_tablet&quot;:&quot;&quot;,&quot;jet_parallax_layout_bg_size_mobile&quot;:&quot;&quot;,&quot;jet_parallax_layout_animation_prop&quot;:&quot;transform&quot;,&quot;jet_parallax_layout_on&quot;:[&quot;desktop&quot;,&quot;tablet&quot;]}]}\">\n\t\t\t\t\t\t<div class=\"elementor-container elementor-column-gap-default\">\n\t\t\t\t\t<div class=\"elementor-column elementor-col-50 elementor-inner-column elementor-element elementor-element-2916ac7\" data-id=\"2916ac7\" data-element_type=\"column\" data-e-type=\"column\">\n\t\t\t<div class=\"elementor-widget-wrap elementor-element-populated\">\n\t\t\t\t\t\t<div class=\"elementor-element elementor-element-25449d3 elementor-widget elementor-widget-text-editor\" data-id=\"25449d3\" data-element_type=\"widget\" data-e-type=\"widget\" data-widget_type=\"text-editor.default\">\n\t\t\t\t<div class=\"elementor-widget-container\">\n\t\t\t\t\t\t\t\t\t<ul><li>Agregue brillo a su decoraci\u00f3n navide\u00f1a con flores de Nochebuena y \u00e1rboles decorativos.<\/li><li>Se pueden utilizar temporada tras temporada.<\/li><li>Crea un acento festivo en la mesa, la repisa, el escritorio, &#8230;<\/li><li>El regalo perfecto para ofrecer.<\/li><li>No es necesario regar ni recortar.<\/li><\/ul>\t\t\t\t\t\t\t\t<\/div>\n\t\t\t\t<\/div>\n\t\t\t\t\t<\/div>\n\t\t<\/div>\n\t\t\t\t<div class=\"elementor-column elementor-col-50 elementor-inner-column elementor-element elementor-element-ce7703c\" data-id=\"ce7703c\" data-element_type=\"column\" data-e-type=\"column\">\n\t\t\t<div class=\"elementor-widget-wrap elementor-element-populated\">\n\t\t\t\t\t\t<div class=\"elementor-element elementor-element-2f4f8a5 elementor-widget elementor-widget-image\" data-id=\"2f4f8a5\" data-element_type=\"widget\" data-e-type=\"widget\" data-widget_type=\"image.default\">\n\t\t\t\t<div class=\"elementor-widget-container\">\n\t\t\t\t\t\t\t\t\t\t\t\t\t\t\t<img fetchpriority=\"high\" decoding=\"async\" width=\"600\" height=\"409\" src=\"https:\/\/naturaedecor.com\/wp-content\/uploads\/2021\/10\/mtr2020-20ho.jpg\" class=\"attachment-large size-large wp-image-6592\" alt=\"\" srcset=\"https:\/\/naturaedecor.com\/wp-content\/uploads\/2021\/10\/mtr2020-20ho.jpg 600w, https:\/\/naturaedecor.com\/wp-content\/uploads\/2021\/10\/mtr2020-20ho-300x205.jpg 300w\" sizes=\"(max-width: 600px) 100vw, 600px\" \/>\t\t\t\t\t\t\t\t\t\t\t\t\t\t\t<\/div>\n\t\t\t\t<\/div>\n\t\t\t\t\t<\/div>\n\t\t<\/div>\n\t\t\t\t\t<\/div>\n\t\t<\/section>\n\t\t\t\t<div class=\"elementor-element elementor-element-41d0a32 raven-products-columns--tablet-count-2 raven-products-columns--mobile-count-1 raven-products-gerenal-layout-grid raven-products-content-layout-under-image raven-products-columns--count-3 raven-title-show raven-price-show raven-rating-show raven-sale-badge-show raven-oos-badge-show raven-quick-view-show raven-pagination-page_based raven-allow-ordering-show raven-result-count-show box-alignment-center elementor-widget elementor-widget-raven-wc-products\" data-id=\"41d0a32\" data-element_type=\"widget\" data-e-type=\"widget\" data-settings=\"{&quot;layout&quot;:&quot;custom&quot;,&quot;columns_custom_tablet&quot;:&quot;2&quot;,&quot;columns_custom_mobile&quot;:&quot;1&quot;,&quot;show_pagination&quot;:&quot;yes&quot;,&quot;query_orderby&quot;:&quot;date&quot;,&quot;query_order&quot;:&quot;DESC&quot;,&quot;query_offset&quot;:0,&quot;view_as&quot;:&quot;column&quot;,&quot;general_layout&quot;:&quot;grid&quot;,&quot;content_layout&quot;:&quot;under-image&quot;,&quot;columns_custom&quot;:&quot;3&quot;,&quot;rows&quot;:&quot;3&quot;,&quot;pagination_type&quot;:&quot;page_based&quot;}\" data-widget_type=\"raven-wc-products.default\">\n\t\t\t\t<div class=\"elementor-widget-container\">\n\t\t\t\t\t\t\t<div\n\t\t\tclass=\"raven-wc-products-wrapper raven-wc-products-custom\"\n\t\t\tdata-settings=\"{&quot;layout&quot;:&quot;custom&quot;,&quot;total_pages&quot;:1,&quot;image_size&quot;:&quot;full&quot;,&quot;atc_button&quot;:&quot;&quot;}\"\n\t\t\tdata-query=\"{&quot;\\u0000*\\u0000type&quot;:&quot;products&quot;,&quot;\\u0000*\\u0000attributes&quot;:{&quot;limit&quot;:9,&quot;columns&quot;:&quot;3&quot;,&quot;rows&quot;:&quot;3&quot;,&quot;orderby&quot;:&quot;date&quot;,&quot;order&quot;:&quot;DESC&quot;,&quot;ids&quot;:&quot;&quot;,&quot;skus&quot;:&quot;&quot;,&quot;category&quot;:&quot;135&quot;,&quot;cat_operator&quot;:&quot;IN&quot;,&quot;attribute&quot;:&quot;&quot;,&quot;terms&quot;:&quot;&quot;,&quot;terms_operator&quot;:&quot;IN&quot;,&quot;tag&quot;:&quot;&quot;,&quot;tag_operator&quot;:&quot;IN&quot;,&quot;visibility&quot;:&quot;visible&quot;,&quot;class&quot;:&quot;&quot;,&quot;page&quot;:1,&quot;paginate&quot;:true,&quot;cache&quot;:true,&quot;brand&quot;:&quot;&quot;,&quot;brand_operator&quot;:&quot;IN&quot;},&quot;\\u0000*\\u0000query_args&quot;:{&quot;post_type&quot;:&quot;product&quot;,&quot;post_status&quot;:&quot;publish&quot;,&quot;ignore_sticky_posts&quot;:true,&quot;no_found_rows&quot;:false,&quot;orderby&quot;:&quot;date ID&quot;,&quot;order&quot;:&quot;DESC&quot;,&quot;posts_per_page&quot;:9,&quot;meta_query&quot;:[],&quot;tax_query&quot;:[{&quot;taxonomy&quot;:&quot;product_visibility&quot;,&quot;field&quot;:&quot;term_taxonomy_id&quot;,&quot;terms&quot;:[22],&quot;operator&quot;:&quot;NOT IN&quot;},{&quot;taxonomy&quot;:&quot;product_cat&quot;,&quot;terms&quot;:[135],&quot;field&quot;:&quot;term_id&quot;,&quot;operator&quot;:&quot;IN&quot;,&quot;include_children&quot;:true}],&quot;fields&quot;:&quot;ids&quot;},&quot;\\u0000*\\u0000custom_visibility&quot;:false,&quot;fallback_filter&quot;:null,&quot;context_id&quot;:&quot;ctx_0&quot;}\"\n\t\t\t\t\t>\n\t\t\t<h2 class=\"raven-wc-products-title\"><\/h2><div class=\"woocommerce columns-3 \"><div class=\"woocommerce-notices-wrapper\"><\/div><div class=\"raven-products-ordering-result-wrapper\"><p class=\"woocommerce-result-count\" role=\"alert\" aria-relevant=\"all\" >\n\tMostrando el \u00fanico resultado<\/p>\n<div class=\"raven-products-ordering-wrapper\"><form class=\"woocommerce-ordering\" method=\"get\">\n\t\t<select\n\t\tname=\"orderby\"\n\t\tclass=\"orderby\"\n\t\t\t\t\taria-label=\"Pedido de la tienda\"\n\t\t\t>\n\t\t\t\t\t<option value=\"popularity\" >Ordenar por popularidad<\/option>\n\t\t\t\t\t<option value=\"date\"  selected='selected'>Ordenar por los \u00faltimos<\/option>\n\t\t\t\t\t<option value=\"price\" >Ordenar por precio: bajo a alto<\/option>\n\t\t\t\t\t<option value=\"price-desc\" >Ordenar por precio: alto a bajo<\/option>\n\t\t\t<\/select>\n\t<input type=\"hidden\" name=\"paged\" value=\"1\" \/>\n\t<\/form>\n<svg aria-hidden=\"true\" class=\"e-font-icon-svg e-fas-chevron-down\" viewBox=\"0 0 448 512\" xmlns=\"http:\/\/www.w3.org\/2000\/svg\"><path d=\"M207.029 381.476L12.686 187.132c-9.373-9.373-9.373-24.569 0-33.941l22.667-22.667c9.357-9.357 24.522-9.375 33.901-.04L224 284.505l154.745-154.021c9.379-9.335 24.544-9.317 33.901.04l22.667 22.667c9.373 9.373 9.373 24.569 0 33.941L240.971 381.476c-9.373 9.372-24.569 9.372-33.942 0z\"><\/path><\/svg><\/div><\/div><ul class=\"products columns-3\">\n<li class=\"product type-product post-6616 status-publish first instock product_cat-muerdago-artificiale product_tag-articulos-en-venta has-post-thumbnail sale taxable shipping-taxable purchasable product-type-simple\">\n\t<div class=\"jupiterx-products-wrapper \"><div class=\"jupiterx-product-container  \" data-product-id=\"6616\"><a href=\"https:\/\/naturaedecor.com\/es\/product\/mtr2020-20ho-4pk\/\" class=\"woocommerce-LoopProduct-link woocommerce-loop-product__link\"><div class=jupiterx-wc-loop-product-image-wrapper><a href=https:\/\/naturaedecor.com\/es\/product\/mtr2020-20ho-4pk\/><div class=\"jupiterx-wc-loop-product-image raven-image-fit\"><div class=\"raven-product-image-overlay\"><\/div><img decoding=\"async\" width=\"2000\" height=\"2000\" src=\"https:\/\/naturaedecor.com\/wp-content\/uploads\/2021\/08\/1_MTR2020-20HO_Mistletoe_Front.jpg\" class=\"attachment-full size-full\" alt=\"Panel de follaje artificial de Mu\u00e9rdago hojas de acebo, 20&quot;X20&quot;\" \/><\/div><\/a><\/div><a href=\"https:\/\/naturaedecor.com\/es\/product\/mtr2020-20ho-4pk\/\" class=\"woocommerce-LoopProduct-link woocommerce-loop-product__link\"><\/a><div class=\"product-meta\">SKU: MTR2020-20HO-4PK<\/div><span class=\"gtm4wp_productdata\" style=\"display:none; visibility:hidden;\" data-gtm4wp_product_data=\"{&quot;internal_id&quot;:6616,&quot;item_id&quot;:6616,&quot;item_name&quot;:&quot;Panel de follaje artificial de Mu\\u00e9rdago hojas de acebo, 20\\&quot;X20\\&quot;&quot;,&quot;sku&quot;:&quot;MTR2020-20HO-4PK&quot;,&quot;price&quot;:59.99000000000000198951966012828052043914794921875,&quot;stocklevel&quot;:null,&quot;stockstatus&quot;:&quot;instock&quot;,&quot;google_business_vertical&quot;:&quot;retail&quot;,&quot;item_category&quot;:&quot;Muerdago artificiale&quot;,&quot;id&quot;:6616,&quot;productlink&quot;:&quot;https:\\\/\\\/naturaedecor.com\\\/es\\\/product\\\/mtr2020-20ho-4pk\\\/&quot;,&quot;item_list_name&quot;:&quot;Lista general de productos&quot;,&quot;index&quot;:1,&quot;product_type&quot;:&quot;simple&quot;,&quot;item_brand&quot;:&quot;&quot;}\"><\/span><\/div><\/div><\/a><\/li>\n<\/ul>\n<\/div>\t\t<\/div>\n\t\t\t\t\t\t<\/div>\n\t\t\t\t<\/div>\n\t\t\t\t\t<\/div>\n\t\t<\/div>\n\t\t\t\t\t<\/div>\n\t\t<\/section>\n\t\t\t\t<\/div>\n\t\t","protected":false},"excerpt":{"rendered":"<p>Navidad La colecci\u00f3n navide\u00f1a de Naturae Decor &#x2122; agrega algo especial a su espacio. Agregue brillo a su decoraci\u00f3n navide\u00f1a con flores de Nochebuena y \u00e1rboles decorativos. Se pueden utilizar temporada tras temporada. Crea un acento festivo en la mesa, la repisa, el escritorio, &#8230; El regalo perfecto para ofrecer. No es necesario regar ni [&hellip;]<\/p>\n","protected":false},"author":1,"featured_media":0,"parent":6595,"menu_order":0,"comment_status":"closed","ping_status":"closed","template":"elementor_header_footer","meta":{"_acf_changed":false,"footnotes":""},"class_list":["post-6591","page","type-page","status-publish","hentry"],"acf":[],"yoast_head":"<!-- This site is optimized with the Yoast SEO plugin v27.2 - https:\/\/yoast.com\/product\/yoast-seo-wordpress\/ -->\n<title>Navidad<\/title>\n<meta name=\"robots\" content=\"index, follow, max-snippet:-1, max-image-preview:large, max-video-preview:-1\" \/>\n<link rel=\"canonical\" href=\"https:\/\/naturaedecor.com\/es\/productos\/navidad\/\" \/>\n<meta property=\"og:locale\" content=\"es_ES\" \/>\n<meta property=\"og:type\" content=\"article\" \/>\n<meta property=\"og:title\" content=\"Navidad\" \/>\n<meta property=\"og:description\" content=\"Navidad La colecci\u00f3n navide\u00f1a de Naturae Decor &#x2122; agrega algo especial a su espacio. Agregue brillo a su decoraci\u00f3n navide\u00f1a con flores de Nochebuena y \u00e1rboles decorativos. Se pueden utilizar temporada tras temporada. Crea un acento festivo en la mesa, la repisa, el escritorio, &#8230; El regalo perfecto para ofrecer. No es necesario regar ni [&hellip;]\" \/>\n<meta property=\"og:url\" content=\"https:\/\/naturaedecor.com\/es\/productos\/navidad\/\" \/>\n<meta property=\"og:site_name\" content=\"Naturae Decor\" \/>\n<meta property=\"article:publisher\" content=\"https:\/\/www.facebook.com\/naturaedecor\/\" \/>\n<meta property=\"article:modified_time\" content=\"2022-09-15T14:30:13+00:00\" \/>\n<meta property=\"og:image\" content=\"https:\/\/naturaedecor.com\/wp-content\/uploads\/2021\/10\/mtr2020-20ho.jpg\" \/>\n<meta name=\"twitter:card\" content=\"summary_large_image\" \/>\n<meta name=\"twitter:site\" content=\"@Naturaedecor\" \/>\n<script type=\"application\/ld+json\" class=\"yoast-schema-graph\">{\"@context\":\"https:\/\/schema.org\",\"@graph\":[{\"@type\":\"WebPage\",\"@id\":\"https:\/\/naturaedecor.com\/es\/productos\/navidad\/\",\"url\":\"https:\/\/naturaedecor.com\/es\/productos\/navidad\/\",\"name\":\"Navidad\",\"isPartOf\":{\"@id\":\"https:\/\/naturaedecor.com\/#website\"},\"primaryImageOfPage\":{\"@id\":\"https:\/\/naturaedecor.com\/es\/productos\/navidad\/#primaryimage\"},\"image\":{\"@id\":\"https:\/\/naturaedecor.com\/es\/productos\/navidad\/#primaryimage\"},\"thumbnailUrl\":\"https:\/\/naturaedecor.com\/wp-content\/uploads\/2021\/10\/mtr2020-20ho.jpg\",\"datePublished\":\"2021-09-30T21:05:15+00:00\",\"dateModified\":\"2022-09-15T14:30:13+00:00\",\"breadcrumb\":{\"@id\":\"https:\/\/naturaedecor.com\/es\/productos\/navidad\/#breadcrumb\"},\"inLanguage\":\"es\",\"potentialAction\":[{\"@type\":\"ReadAction\",\"target\":[\"https:\/\/naturaedecor.com\/es\/productos\/navidad\/\"]}]},{\"@type\":\"ImageObject\",\"inLanguage\":\"es\",\"@id\":\"https:\/\/naturaedecor.com\/es\/productos\/navidad\/#primaryimage\",\"url\":\"https:\/\/naturaedecor.com\/wp-content\/uploads\/2021\/10\/mtr2020-20ho.jpg\",\"contentUrl\":\"https:\/\/naturaedecor.com\/wp-content\/uploads\/2021\/10\/mtr2020-20ho.jpg\"},{\"@type\":\"BreadcrumbList\",\"@id\":\"https:\/\/naturaedecor.com\/es\/productos\/navidad\/#breadcrumb\",\"itemListElement\":[{\"@type\":\"ListItem\",\"position\":1,\"name\":\"Home\",\"item\":\"https:\/\/naturaedecor.com\/es\/\"},{\"@type\":\"ListItem\",\"position\":2,\"name\":\"Productos\",\"item\":\"https:\/\/naturaedecor.com\/es\/productos\/\"},{\"@type\":\"ListItem\",\"position\":3,\"name\":\"Navidad\"}]},{\"@type\":\"WebSite\",\"@id\":\"https:\/\/naturaedecor.com\/#website\",\"url\":\"https:\/\/naturaedecor.com\/\",\"name\":\"Naturae Decor\",\"description\":\"Add a feeling of tranquility to your space\",\"publisher\":{\"@id\":\"https:\/\/naturaedecor.com\/#organization\"},\"potentialAction\":[{\"@type\":\"SearchAction\",\"target\":{\"@type\":\"EntryPoint\",\"urlTemplate\":\"https:\/\/naturaedecor.com\/?s={search_term_string}\"},\"query-input\":{\"@type\":\"PropertyValueSpecification\",\"valueRequired\":true,\"valueName\":\"search_term_string\"}}],\"inLanguage\":\"es\"},{\"@type\":\"Organization\",\"@id\":\"https:\/\/naturaedecor.com\/#organization\",\"name\":\"Naturae Decor\",\"url\":\"https:\/\/naturaedecor.com\/\",\"logo\":{\"@type\":\"ImageObject\",\"inLanguage\":\"es\",\"@id\":\"https:\/\/naturaedecor.com\/#\/schema\/logo\/image\/\",\"url\":\"https:\/\/naturaedecor.com\/wp-content\/uploads\/2021\/07\/logo-sticky.png\",\"contentUrl\":\"https:\/\/naturaedecor.com\/wp-content\/uploads\/2021\/07\/logo-sticky.png\",\"width\":248,\"height\":96,\"caption\":\"Naturae Decor\"},\"image\":{\"@id\":\"https:\/\/naturaedecor.com\/#\/schema\/logo\/image\/\"},\"sameAs\":[\"https:\/\/www.facebook.com\/naturaedecor\/\",\"https:\/\/x.com\/Naturaedecor\",\"https:\/\/www.instagram.com\/naturaedecor\/\",\"https:\/\/www.pinterest.ca\/naturaedecor\/\"]}]}<\/script>\n<!-- \/ Yoast SEO plugin. -->","yoast_head_json":{"title":"Navidad","robots":{"index":"index","follow":"follow","max-snippet":"max-snippet:-1","max-image-preview":"max-image-preview:large","max-video-preview":"max-video-preview:-1"},"canonical":"https:\/\/naturaedecor.com\/es\/productos\/navidad\/","og_locale":"es_ES","og_type":"article","og_title":"Navidad","og_description":"Navidad La colecci\u00f3n navide\u00f1a de Naturae Decor &#x2122; agrega algo especial a su espacio. Agregue brillo a su decoraci\u00f3n navide\u00f1a con flores de Nochebuena y \u00e1rboles decorativos. Se pueden utilizar temporada tras temporada. Crea un acento festivo en la mesa, la repisa, el escritorio, &#8230; El regalo perfecto para ofrecer. No es necesario regar ni [&hellip;]","og_url":"https:\/\/naturaedecor.com\/es\/productos\/navidad\/","og_site_name":"Naturae Decor","article_publisher":"https:\/\/www.facebook.com\/naturaedecor\/","article_modified_time":"2022-09-15T14:30:13+00:00","og_image":[{"url":"https:\/\/naturaedecor.com\/wp-content\/uploads\/2021\/10\/mtr2020-20ho.jpg","type":"","width":"","height":""}],"twitter_card":"summary_large_image","twitter_site":"@Naturaedecor","schema":{"@context":"https:\/\/schema.org","@graph":[{"@type":"WebPage","@id":"https:\/\/naturaedecor.com\/es\/productos\/navidad\/","url":"https:\/\/naturaedecor.com\/es\/productos\/navidad\/","name":"Navidad","isPartOf":{"@id":"https:\/\/naturaedecor.com\/#website"},"primaryImageOfPage":{"@id":"https:\/\/naturaedecor.com\/es\/productos\/navidad\/#primaryimage"},"image":{"@id":"https:\/\/naturaedecor.com\/es\/productos\/navidad\/#primaryimage"},"thumbnailUrl":"https:\/\/naturaedecor.com\/wp-content\/uploads\/2021\/10\/mtr2020-20ho.jpg","datePublished":"2021-09-30T21:05:15+00:00","dateModified":"2022-09-15T14:30:13+00:00","breadcrumb":{"@id":"https:\/\/naturaedecor.com\/es\/productos\/navidad\/#breadcrumb"},"inLanguage":"es","potentialAction":[{"@type":"ReadAction","target":["https:\/\/naturaedecor.com\/es\/productos\/navidad\/"]}]},{"@type":"ImageObject","inLanguage":"es","@id":"https:\/\/naturaedecor.com\/es\/productos\/navidad\/#primaryimage","url":"https:\/\/naturaedecor.com\/wp-content\/uploads\/2021\/10\/mtr2020-20ho.jpg","contentUrl":"https:\/\/naturaedecor.com\/wp-content\/uploads\/2021\/10\/mtr2020-20ho.jpg"},{"@type":"BreadcrumbList","@id":"https:\/\/naturaedecor.com\/es\/productos\/navidad\/#breadcrumb","itemListElement":[{"@type":"ListItem","position":1,"name":"Home","item":"https:\/\/naturaedecor.com\/es\/"},{"@type":"ListItem","position":2,"name":"Productos","item":"https:\/\/naturaedecor.com\/es\/productos\/"},{"@type":"ListItem","position":3,"name":"Navidad"}]},{"@type":"WebSite","@id":"https:\/\/naturaedecor.com\/#website","url":"https:\/\/naturaedecor.com\/","name":"Naturae Decor","description":"Add a feeling of tranquility to your space","publisher":{"@id":"https:\/\/naturaedecor.com\/#organization"},"potentialAction":[{"@type":"SearchAction","target":{"@type":"EntryPoint","urlTemplate":"https:\/\/naturaedecor.com\/?s={search_term_string}"},"query-input":{"@type":"PropertyValueSpecification","valueRequired":true,"valueName":"search_term_string"}}],"inLanguage":"es"},{"@type":"Organization","@id":"https:\/\/naturaedecor.com\/#organization","name":"Naturae Decor","url":"https:\/\/naturaedecor.com\/","logo":{"@type":"ImageObject","inLanguage":"es","@id":"https:\/\/naturaedecor.com\/#\/schema\/logo\/image\/","url":"https:\/\/naturaedecor.com\/wp-content\/uploads\/2021\/07\/logo-sticky.png","contentUrl":"https:\/\/naturaedecor.com\/wp-content\/uploads\/2021\/07\/logo-sticky.png","width":248,"height":96,"caption":"Naturae Decor"},"image":{"@id":"https:\/\/naturaedecor.com\/#\/schema\/logo\/image\/"},"sameAs":["https:\/\/www.facebook.com\/naturaedecor\/","https:\/\/x.com\/Naturaedecor","https:\/\/www.instagram.com\/naturaedecor\/","https:\/\/www.pinterest.ca\/naturaedecor\/"]}]}},"_links":{"self":[{"href":"https:\/\/naturaedecor.com\/es\/wp-json\/wp\/v2\/pages\/6591","targetHints":{"allow":["GET"]}}],"collection":[{"href":"https:\/\/naturaedecor.com\/es\/wp-json\/wp\/v2\/pages"}],"about":[{"href":"https:\/\/naturaedecor.com\/es\/wp-json\/wp\/v2\/types\/page"}],"author":[{"embeddable":true,"href":"https:\/\/naturaedecor.com\/es\/wp-json\/wp\/v2\/users\/1"}],"replies":[{"embeddable":true,"href":"https:\/\/naturaedecor.com\/es\/wp-json\/wp\/v2\/comments?post=6591"}],"version-history":[{"count":6,"href":"https:\/\/naturaedecor.com\/es\/wp-json\/wp\/v2\/pages\/6591\/revisions"}],"predecessor-version":[{"id":8728,"href":"https:\/\/naturaedecor.com\/es\/wp-json\/wp\/v2\/pages\/6591\/revisions\/8728"}],"up":[{"embeddable":true,"href":"https:\/\/naturaedecor.com\/es\/wp-json\/wp\/v2\/pages\/6595"}],"wp:attachment":[{"href":"https:\/\/naturaedecor.com\/es\/wp-json\/wp\/v2\/media?parent=6591"}],"curies":[{"name":"wp","href":"https:\/\/api.w.org\/{rel}","templated":true}]}}