{"id":6633,"date":"2021-08-05T15:31:12","date_gmt":"2021-08-05T19:31:12","guid":{"rendered":"https:\/\/naturaedecor.com\/wp2021\/product\/out-para-31bc\/"},"modified":"2021-12-22T16:42:14","modified_gmt":"2021-12-22T21:42:14","slug":"out-para-31bc","status":"publish","type":"product","link":"https:\/\/naturaedecor.com\/es\/product\/out-para-31bc\/","title":{"rendered":"Planta artificial Ave del Para\u00edso interior &#8211; exterior, 31&#8243;"},"content":{"rendered":"","protected":false},"excerpt":{"rendered":"<p>Renueve su decoraci\u00f3n con un toque de vegetaci\u00f3n de apariencia natural y realista. No se marchitan, colores siempre vivos a\u00f1o tras a\u00f1o y sin preocuparse por riego ni mantenimiento. Ideal para alegrar espacios interiores o exteriores.<\/p>\n","protected":false},"featured_media":6634,"comment_status":"open","ping_status":"closed","template":"","meta":{"_acf_changed":false},"product_brand":[],"product_cat":[133],"product_tag":[],"class_list":{"0":"post-6633","1":"product","2":"type-product","3":"status-publish","4":"has-post-thumbnail","6":"product_cat-planta-artificial","8":"first","9":"instock","10":"taxable","11":"shipping-taxable","12":"purchasable","13":"product-type-simple"},"acf":[],"yoast_head":"<!-- This site is optimized with the Yoast SEO plugin v27.2 - https:\/\/yoast.com\/product\/yoast-seo-wordpress\/ -->\n<title>Planta artificial Ave del Para\u00edso interior - exterior, 31&quot;<\/title>\n<meta name=\"robots\" content=\"index, follow, max-snippet:-1, max-image-preview:large, max-video-preview:-1\" \/>\n<link rel=\"canonical\" href=\"https:\/\/naturaedecor.com\/es\/product\/out-para-31bc\/\" \/>\n<meta property=\"og:locale\" content=\"es_ES\" \/>\n<meta property=\"og:type\" content=\"article\" \/>\n<meta property=\"og:title\" content=\"Planta artificial Ave del Para\u00edso interior - exterior, 31&quot;\" \/>\n<meta property=\"og:description\" content=\"Renueve su decoraci\u00f3n con un toque de vegetaci\u00f3n de apariencia natural y realista. No se marchitan, colores siempre vivos a\u00f1o tras a\u00f1o y sin preocuparse por riego ni mantenimiento. Ideal para alegrar espacios interiores o exteriores.\" \/>\n<meta property=\"og:url\" content=\"https:\/\/naturaedecor.com\/es\/product\/out-para-31bc\/\" \/>\n<meta property=\"og:site_name\" content=\"Naturae Decor\" \/>\n<meta property=\"article:publisher\" content=\"https:\/\/www.facebook.com\/naturaedecor\/\" \/>\n<meta property=\"article:modified_time\" content=\"2021-12-22T21:42:14+00:00\" \/>\n<meta property=\"og:image\" content=\"https:\/\/naturaedecor.com\/wp-content\/uploads\/2021\/08\/01-out-para-31bc.jpg\" \/>\n\t<meta property=\"og:image:width\" content=\"1000\" \/>\n\t<meta property=\"og:image:height\" content=\"1000\" \/>\n\t<meta property=\"og:image:type\" content=\"image\/jpeg\" \/>\n<meta name=\"twitter:card\" content=\"summary_large_image\" \/>\n<meta name=\"twitter:site\" content=\"@Naturaedecor\" \/>\n<script type=\"application\/ld+json\" class=\"yoast-schema-graph\">{\"@context\":\"https:\/\/schema.org\",\"@graph\":[{\"@type\":\"WebPage\",\"@id\":\"https:\/\/naturaedecor.com\/es\/product\/out-para-31bc\/\",\"url\":\"https:\/\/naturaedecor.com\/es\/product\/out-para-31bc\/\",\"name\":\"Planta artificial Ave del Para\u00edso interior - exterior, 31\\\"\",\"isPartOf\":{\"@id\":\"https:\/\/naturaedecor.com\/#website\"},\"primaryImageOfPage\":{\"@id\":\"https:\/\/naturaedecor.com\/es\/product\/out-para-31bc\/#primaryimage\"},\"image\":{\"@id\":\"https:\/\/naturaedecor.com\/es\/product\/out-para-31bc\/#primaryimage\"},\"thumbnailUrl\":\"https:\/\/naturaedecor.com\/wp-content\/uploads\/2021\/08\/01-out-para-31bc.jpg\",\"datePublished\":\"2021-08-05T19:31:12+00:00\",\"dateModified\":\"2021-12-22T21:42:14+00:00\",\"breadcrumb\":{\"@id\":\"https:\/\/naturaedecor.com\/es\/product\/out-para-31bc\/#breadcrumb\"},\"inLanguage\":\"es\",\"potentialAction\":[{\"@type\":\"ReadAction\",\"target\":[\"https:\/\/naturaedecor.com\/es\/product\/out-para-31bc\/\"]}]},{\"@type\":\"ImageObject\",\"inLanguage\":\"es\",\"@id\":\"https:\/\/naturaedecor.com\/es\/product\/out-para-31bc\/#primaryimage\",\"url\":\"https:\/\/naturaedecor.com\/wp-content\/uploads\/2021\/08\/01-out-para-31bc.jpg\",\"contentUrl\":\"https:\/\/naturaedecor.com\/wp-content\/uploads\/2021\/08\/01-out-para-31bc.jpg\",\"width\":1000,\"height\":1000},{\"@type\":\"BreadcrumbList\",\"@id\":\"https:\/\/naturaedecor.com\/es\/product\/out-para-31bc\/#breadcrumb\",\"itemListElement\":[{\"@type\":\"ListItem\",\"position\":1,\"name\":\"Home\",\"item\":\"https:\/\/naturaedecor.com\/es\/\"},{\"@type\":\"ListItem\",\"position\":2,\"name\":\"Shop\",\"item\":\"https:\/\/naturaedecor.com\/shop\/\"},{\"@type\":\"ListItem\",\"position\":3,\"name\":\"Planta artificial Ave del Para\u00edso interior &#8211; exterior, 31&#8243;\"}]},{\"@type\":\"WebSite\",\"@id\":\"https:\/\/naturaedecor.com\/#website\",\"url\":\"https:\/\/naturaedecor.com\/\",\"name\":\"Naturae Decor\",\"description\":\"Add a feeling of tranquility to your space\",\"publisher\":{\"@id\":\"https:\/\/naturaedecor.com\/#organization\"},\"potentialAction\":[{\"@type\":\"SearchAction\",\"target\":{\"@type\":\"EntryPoint\",\"urlTemplate\":\"https:\/\/naturaedecor.com\/?s={search_term_string}\"},\"query-input\":{\"@type\":\"PropertyValueSpecification\",\"valueRequired\":true,\"valueName\":\"search_term_string\"}}],\"inLanguage\":\"es\"},{\"@type\":\"Organization\",\"@id\":\"https:\/\/naturaedecor.com\/#organization\",\"name\":\"Naturae Decor\",\"url\":\"https:\/\/naturaedecor.com\/\",\"logo\":{\"@type\":\"ImageObject\",\"inLanguage\":\"es\",\"@id\":\"https:\/\/naturaedecor.com\/#\/schema\/logo\/image\/\",\"url\":\"https:\/\/naturaedecor.com\/wp-content\/uploads\/2021\/07\/logo-sticky.png\",\"contentUrl\":\"https:\/\/naturaedecor.com\/wp-content\/uploads\/2021\/07\/logo-sticky.png\",\"width\":248,\"height\":96,\"caption\":\"Naturae Decor\"},\"image\":{\"@id\":\"https:\/\/naturaedecor.com\/#\/schema\/logo\/image\/\"},\"sameAs\":[\"https:\/\/www.facebook.com\/naturaedecor\/\",\"https:\/\/x.com\/Naturaedecor\",\"https:\/\/www.instagram.com\/naturaedecor\/\",\"https:\/\/www.pinterest.ca\/naturaedecor\/\"]}]}<\/script>\n<!-- \/ Yoast SEO plugin. -->","yoast_head_json":{"title":"Planta artificial Ave del Para\u00edso interior - exterior, 31\"","robots":{"index":"index","follow":"follow","max-snippet":"max-snippet:-1","max-image-preview":"max-image-preview:large","max-video-preview":"max-video-preview:-1"},"canonical":"https:\/\/naturaedecor.com\/es\/product\/out-para-31bc\/","og_locale":"es_ES","og_type":"article","og_title":"Planta artificial Ave del Para\u00edso interior - exterior, 31\"","og_description":"Renueve su decoraci\u00f3n con un toque de vegetaci\u00f3n de apariencia natural y realista. No se marchitan, colores siempre vivos a\u00f1o tras a\u00f1o y sin preocuparse por riego ni mantenimiento. Ideal para alegrar espacios interiores o exteriores.","og_url":"https:\/\/naturaedecor.com\/es\/product\/out-para-31bc\/","og_site_name":"Naturae Decor","article_publisher":"https:\/\/www.facebook.com\/naturaedecor\/","article_modified_time":"2021-12-22T21:42:14+00:00","og_image":[{"width":1000,"height":1000,"url":"https:\/\/naturaedecor.com\/wp-content\/uploads\/2021\/08\/01-out-para-31bc.jpg","type":"image\/jpeg"}],"twitter_card":"summary_large_image","twitter_site":"@Naturaedecor","schema":{"@context":"https:\/\/schema.org","@graph":[{"@type":"WebPage","@id":"https:\/\/naturaedecor.com\/es\/product\/out-para-31bc\/","url":"https:\/\/naturaedecor.com\/es\/product\/out-para-31bc\/","name":"Planta artificial Ave del Para\u00edso interior - exterior, 31\"","isPartOf":{"@id":"https:\/\/naturaedecor.com\/#website"},"primaryImageOfPage":{"@id":"https:\/\/naturaedecor.com\/es\/product\/out-para-31bc\/#primaryimage"},"image":{"@id":"https:\/\/naturaedecor.com\/es\/product\/out-para-31bc\/#primaryimage"},"thumbnailUrl":"https:\/\/naturaedecor.com\/wp-content\/uploads\/2021\/08\/01-out-para-31bc.jpg","datePublished":"2021-08-05T19:31:12+00:00","dateModified":"2021-12-22T21:42:14+00:00","breadcrumb":{"@id":"https:\/\/naturaedecor.com\/es\/product\/out-para-31bc\/#breadcrumb"},"inLanguage":"es","potentialAction":[{"@type":"ReadAction","target":["https:\/\/naturaedecor.com\/es\/product\/out-para-31bc\/"]}]},{"@type":"ImageObject","inLanguage":"es","@id":"https:\/\/naturaedecor.com\/es\/product\/out-para-31bc\/#primaryimage","url":"https:\/\/naturaedecor.com\/wp-content\/uploads\/2021\/08\/01-out-para-31bc.jpg","contentUrl":"https:\/\/naturaedecor.com\/wp-content\/uploads\/2021\/08\/01-out-para-31bc.jpg","width":1000,"height":1000},{"@type":"BreadcrumbList","@id":"https:\/\/naturaedecor.com\/es\/product\/out-para-31bc\/#breadcrumb","itemListElement":[{"@type":"ListItem","position":1,"name":"Home","item":"https:\/\/naturaedecor.com\/es\/"},{"@type":"ListItem","position":2,"name":"Shop","item":"https:\/\/naturaedecor.com\/shop\/"},{"@type":"ListItem","position":3,"name":"Planta artificial Ave del Para\u00edso interior &#8211; exterior, 31&#8243;"}]},{"@type":"WebSite","@id":"https:\/\/naturaedecor.com\/#website","url":"https:\/\/naturaedecor.com\/","name":"Naturae Decor","description":"Add a feeling of tranquility to your space","publisher":{"@id":"https:\/\/naturaedecor.com\/#organization"},"potentialAction":[{"@type":"SearchAction","target":{"@type":"EntryPoint","urlTemplate":"https:\/\/naturaedecor.com\/?s={search_term_string}"},"query-input":{"@type":"PropertyValueSpecification","valueRequired":true,"valueName":"search_term_string"}}],"inLanguage":"es"},{"@type":"Organization","@id":"https:\/\/naturaedecor.com\/#organization","name":"Naturae Decor","url":"https:\/\/naturaedecor.com\/","logo":{"@type":"ImageObject","inLanguage":"es","@id":"https:\/\/naturaedecor.com\/#\/schema\/logo\/image\/","url":"https:\/\/naturaedecor.com\/wp-content\/uploads\/2021\/07\/logo-sticky.png","contentUrl":"https:\/\/naturaedecor.com\/wp-content\/uploads\/2021\/07\/logo-sticky.png","width":248,"height":96,"caption":"Naturae Decor"},"image":{"@id":"https:\/\/naturaedecor.com\/#\/schema\/logo\/image\/"},"sameAs":["https:\/\/www.facebook.com\/naturaedecor\/","https:\/\/x.com\/Naturaedecor","https:\/\/www.instagram.com\/naturaedecor\/","https:\/\/www.pinterest.ca\/naturaedecor\/"]}]}},"_links":{"self":[{"href":"https:\/\/naturaedecor.com\/es\/wp-json\/wp\/v2\/product\/6633","targetHints":{"allow":["GET"]}}],"collection":[{"href":"https:\/\/naturaedecor.com\/es\/wp-json\/wp\/v2\/product"}],"about":[{"href":"https:\/\/naturaedecor.com\/es\/wp-json\/wp\/v2\/types\/product"}],"replies":[{"embeddable":true,"href":"https:\/\/naturaedecor.com\/es\/wp-json\/wp\/v2\/comments?post=6633"}],"wp:featuredmedia":[{"embeddable":true,"href":"https:\/\/naturaedecor.com\/es\/wp-json\/wp\/v2\/media\/6634"}],"wp:attachment":[{"href":"https:\/\/naturaedecor.com\/es\/wp-json\/wp\/v2\/media?parent=6633"}],"wp:term":[{"taxonomy":"product_brand","embeddable":true,"href":"https:\/\/naturaedecor.com\/es\/wp-json\/wp\/v2\/product_brand?post=6633"},{"taxonomy":"product_cat","embeddable":true,"href":"https:\/\/naturaedecor.com\/es\/wp-json\/wp\/v2\/product_cat?post=6633"},{"taxonomy":"product_tag","embeddable":true,"href":"https:\/\/naturaedecor.com\/es\/wp-json\/wp\/v2\/product_tag?post=6633"}],"curies":[{"name":"wp","href":"https:\/\/api.w.org\/{rel}","templated":true}]}}