{"id":6663,"date":"2021-08-05T15:31:08","date_gmt":"2021-08-05T19:31:08","guid":{"rendered":"https:\/\/naturaedecor.com\/wp2021\/product\/trp3672br-4000-1pk\/"},"modified":"2021-12-22T16:27:55","modified_gmt":"2021-12-22T21:27:55","slug":"trp3672br-4000-1pk","status":"publish","type":"product","link":"https:\/\/naturaedecor.com\/es\/product\/trp3672br-4000-1pk\/","title":{"rendered":"Enrejados en Pvc expandibles expandibles follaje gardenia artificial 36&#8243;x72&#8243;"},"content":{"rendered":"","protected":false},"excerpt":{"rendered":"<p>Este enrejado de PVC extensible de 91 cm x 183 cm es ideal para sus proyectos al aire libre. El enrejado proporciona privacidad efectiva r\u00e1pidamente. F\u00e1cil de instalar. Hecho de l\u00e1minas de PVC y polietileno, este enrejado es ideal para crear privacidad mientras mejora el aspecto de su espacio al aire libre. Garant\u00eda de 2 a\u00f1os para la decoloraci\u00f3n de las hojas.<\/p>\n","protected":false},"featured_media":6661,"comment_status":"open","ping_status":"closed","template":"","meta":{"_acf_changed":false},"product_brand":[],"product_cat":[105],"product_tag":[],"class_list":{"0":"post-6663","1":"product","2":"type-product","3":"status-publish","4":"has-post-thumbnail","6":"product_cat-expandable-trellis","8":"first","9":"instock","10":"taxable","11":"shipping-taxable","12":"purchasable","13":"product-type-simple"},"acf":[],"yoast_head":"<!-- This site is optimized with the Yoast SEO plugin v27.2 - https:\/\/yoast.com\/product\/yoast-seo-wordpress\/ -->\n<title>Enrejados en Pvc expandibles expandibles follaje gardenia artificial 36&quot;x72&quot;<\/title>\n<meta name=\"robots\" content=\"index, follow, max-snippet:-1, max-image-preview:large, max-video-preview:-1\" \/>\n<link rel=\"canonical\" href=\"https:\/\/naturaedecor.com\/es\/product\/trp3672br-4000-1pk\/\" \/>\n<meta property=\"og:locale\" content=\"es_ES\" \/>\n<meta property=\"og:type\" content=\"article\" \/>\n<meta property=\"og:title\" content=\"Enrejados en Pvc expandibles expandibles follaje gardenia artificial 36&quot;x72&quot;\" \/>\n<meta property=\"og:description\" content=\"Este enrejado de PVC extensible de 91 cm x 183 cm es ideal para sus proyectos al aire libre. El enrejado proporciona privacidad efectiva r\u00e1pidamente. F\u00e1cil de instalar. Hecho de l\u00e1minas de PVC y polietileno, este enrejado es ideal para crear privacidad mientras mejora el aspecto de su espacio al aire libre. Garant\u00eda de 2 a\u00f1os para la decoloraci\u00f3n de las hojas.\" \/>\n<meta property=\"og:url\" content=\"https:\/\/naturaedecor.com\/es\/product\/trp3672br-4000-1pk\/\" \/>\n<meta property=\"og:site_name\" content=\"Naturae Decor\" \/>\n<meta property=\"article:publisher\" content=\"https:\/\/www.facebook.com\/naturaedecor\/\" \/>\n<meta property=\"article:modified_time\" content=\"2021-12-22T21:27:55+00:00\" \/>\n<meta property=\"og:image\" content=\"https:\/\/naturaedecor.com\/wp-content\/uploads\/2021\/11\/01-trd3672br-4000-1pk.jpg\" \/>\n\t<meta property=\"og:image:width\" content=\"1000\" \/>\n\t<meta property=\"og:image:height\" content=\"1000\" \/>\n\t<meta property=\"og:image:type\" content=\"image\/jpeg\" \/>\n<meta name=\"twitter:card\" content=\"summary_large_image\" \/>\n<meta name=\"twitter:site\" content=\"@Naturaedecor\" \/>\n<script type=\"application\/ld+json\" class=\"yoast-schema-graph\">{\"@context\":\"https:\/\/schema.org\",\"@graph\":[{\"@type\":\"WebPage\",\"@id\":\"https:\/\/naturaedecor.com\/es\/product\/trp3672br-4000-1pk\/\",\"url\":\"https:\/\/naturaedecor.com\/es\/product\/trp3672br-4000-1pk\/\",\"name\":\"Enrejados en Pvc expandibles expandibles follaje gardenia artificial 36\\\"x72\\\"\",\"isPartOf\":{\"@id\":\"https:\/\/naturaedecor.com\/#website\"},\"primaryImageOfPage\":{\"@id\":\"https:\/\/naturaedecor.com\/es\/product\/trp3672br-4000-1pk\/#primaryimage\"},\"image\":{\"@id\":\"https:\/\/naturaedecor.com\/es\/product\/trp3672br-4000-1pk\/#primaryimage\"},\"thumbnailUrl\":\"https:\/\/naturaedecor.com\/wp-content\/uploads\/2021\/11\/01-trd3672br-4000-1pk.jpg\",\"datePublished\":\"2021-08-05T19:31:08+00:00\",\"dateModified\":\"2021-12-22T21:27:55+00:00\",\"breadcrumb\":{\"@id\":\"https:\/\/naturaedecor.com\/es\/product\/trp3672br-4000-1pk\/#breadcrumb\"},\"inLanguage\":\"es\",\"potentialAction\":[{\"@type\":\"ReadAction\",\"target\":[\"https:\/\/naturaedecor.com\/es\/product\/trp3672br-4000-1pk\/\"]}]},{\"@type\":\"ImageObject\",\"inLanguage\":\"es\",\"@id\":\"https:\/\/naturaedecor.com\/es\/product\/trp3672br-4000-1pk\/#primaryimage\",\"url\":\"https:\/\/naturaedecor.com\/wp-content\/uploads\/2021\/11\/01-trd3672br-4000-1pk.jpg\",\"contentUrl\":\"https:\/\/naturaedecor.com\/wp-content\/uploads\/2021\/11\/01-trd3672br-4000-1pk.jpg\",\"width\":1000,\"height\":1000},{\"@type\":\"BreadcrumbList\",\"@id\":\"https:\/\/naturaedecor.com\/es\/product\/trp3672br-4000-1pk\/#breadcrumb\",\"itemListElement\":[{\"@type\":\"ListItem\",\"position\":1,\"name\":\"Home\",\"item\":\"https:\/\/naturaedecor.com\/es\/\"},{\"@type\":\"ListItem\",\"position\":2,\"name\":\"Shop\",\"item\":\"https:\/\/naturaedecor.com\/shop\/\"},{\"@type\":\"ListItem\",\"position\":3,\"name\":\"Enrejados en Pvc expandibles expandibles follaje gardenia artificial 36&#8243;x72&#8243;\"}]},{\"@type\":\"WebSite\",\"@id\":\"https:\/\/naturaedecor.com\/#website\",\"url\":\"https:\/\/naturaedecor.com\/\",\"name\":\"Naturae Decor\",\"description\":\"Add a feeling of tranquility to your space\",\"publisher\":{\"@id\":\"https:\/\/naturaedecor.com\/#organization\"},\"potentialAction\":[{\"@type\":\"SearchAction\",\"target\":{\"@type\":\"EntryPoint\",\"urlTemplate\":\"https:\/\/naturaedecor.com\/?s={search_term_string}\"},\"query-input\":{\"@type\":\"PropertyValueSpecification\",\"valueRequired\":true,\"valueName\":\"search_term_string\"}}],\"inLanguage\":\"es\"},{\"@type\":\"Organization\",\"@id\":\"https:\/\/naturaedecor.com\/#organization\",\"name\":\"Naturae Decor\",\"url\":\"https:\/\/naturaedecor.com\/\",\"logo\":{\"@type\":\"ImageObject\",\"inLanguage\":\"es\",\"@id\":\"https:\/\/naturaedecor.com\/#\/schema\/logo\/image\/\",\"url\":\"https:\/\/naturaedecor.com\/wp-content\/uploads\/2021\/07\/logo-sticky.png\",\"contentUrl\":\"https:\/\/naturaedecor.com\/wp-content\/uploads\/2021\/07\/logo-sticky.png\",\"width\":248,\"height\":96,\"caption\":\"Naturae Decor\"},\"image\":{\"@id\":\"https:\/\/naturaedecor.com\/#\/schema\/logo\/image\/\"},\"sameAs\":[\"https:\/\/www.facebook.com\/naturaedecor\/\",\"https:\/\/x.com\/Naturaedecor\",\"https:\/\/www.instagram.com\/naturaedecor\/\",\"https:\/\/www.pinterest.ca\/naturaedecor\/\"]}]}<\/script>\n<!-- \/ Yoast SEO plugin. -->","yoast_head_json":{"title":"Enrejados en Pvc expandibles expandibles follaje gardenia artificial 36\"x72\"","robots":{"index":"index","follow":"follow","max-snippet":"max-snippet:-1","max-image-preview":"max-image-preview:large","max-video-preview":"max-video-preview:-1"},"canonical":"https:\/\/naturaedecor.com\/es\/product\/trp3672br-4000-1pk\/","og_locale":"es_ES","og_type":"article","og_title":"Enrejados en Pvc expandibles expandibles follaje gardenia artificial 36\"x72\"","og_description":"Este enrejado de PVC extensible de 91 cm x 183 cm es ideal para sus proyectos al aire libre. El enrejado proporciona privacidad efectiva r\u00e1pidamente. F\u00e1cil de instalar. Hecho de l\u00e1minas de PVC y polietileno, este enrejado es ideal para crear privacidad mientras mejora el aspecto de su espacio al aire libre. Garant\u00eda de 2 a\u00f1os para la decoloraci\u00f3n de las hojas.","og_url":"https:\/\/naturaedecor.com\/es\/product\/trp3672br-4000-1pk\/","og_site_name":"Naturae Decor","article_publisher":"https:\/\/www.facebook.com\/naturaedecor\/","article_modified_time":"2021-12-22T21:27:55+00:00","og_image":[{"width":1000,"height":1000,"url":"https:\/\/naturaedecor.com\/wp-content\/uploads\/2021\/11\/01-trd3672br-4000-1pk.jpg","type":"image\/jpeg"}],"twitter_card":"summary_large_image","twitter_site":"@Naturaedecor","schema":{"@context":"https:\/\/schema.org","@graph":[{"@type":"WebPage","@id":"https:\/\/naturaedecor.com\/es\/product\/trp3672br-4000-1pk\/","url":"https:\/\/naturaedecor.com\/es\/product\/trp3672br-4000-1pk\/","name":"Enrejados en Pvc expandibles expandibles follaje gardenia artificial 36\"x72\"","isPartOf":{"@id":"https:\/\/naturaedecor.com\/#website"},"primaryImageOfPage":{"@id":"https:\/\/naturaedecor.com\/es\/product\/trp3672br-4000-1pk\/#primaryimage"},"image":{"@id":"https:\/\/naturaedecor.com\/es\/product\/trp3672br-4000-1pk\/#primaryimage"},"thumbnailUrl":"https:\/\/naturaedecor.com\/wp-content\/uploads\/2021\/11\/01-trd3672br-4000-1pk.jpg","datePublished":"2021-08-05T19:31:08+00:00","dateModified":"2021-12-22T21:27:55+00:00","breadcrumb":{"@id":"https:\/\/naturaedecor.com\/es\/product\/trp3672br-4000-1pk\/#breadcrumb"},"inLanguage":"es","potentialAction":[{"@type":"ReadAction","target":["https:\/\/naturaedecor.com\/es\/product\/trp3672br-4000-1pk\/"]}]},{"@type":"ImageObject","inLanguage":"es","@id":"https:\/\/naturaedecor.com\/es\/product\/trp3672br-4000-1pk\/#primaryimage","url":"https:\/\/naturaedecor.com\/wp-content\/uploads\/2021\/11\/01-trd3672br-4000-1pk.jpg","contentUrl":"https:\/\/naturaedecor.com\/wp-content\/uploads\/2021\/11\/01-trd3672br-4000-1pk.jpg","width":1000,"height":1000},{"@type":"BreadcrumbList","@id":"https:\/\/naturaedecor.com\/es\/product\/trp3672br-4000-1pk\/#breadcrumb","itemListElement":[{"@type":"ListItem","position":1,"name":"Home","item":"https:\/\/naturaedecor.com\/es\/"},{"@type":"ListItem","position":2,"name":"Shop","item":"https:\/\/naturaedecor.com\/shop\/"},{"@type":"ListItem","position":3,"name":"Enrejados en Pvc expandibles expandibles follaje gardenia artificial 36&#8243;x72&#8243;"}]},{"@type":"WebSite","@id":"https:\/\/naturaedecor.com\/#website","url":"https:\/\/naturaedecor.com\/","name":"Naturae Decor","description":"Add a feeling of tranquility to your space","publisher":{"@id":"https:\/\/naturaedecor.com\/#organization"},"potentialAction":[{"@type":"SearchAction","target":{"@type":"EntryPoint","urlTemplate":"https:\/\/naturaedecor.com\/?s={search_term_string}"},"query-input":{"@type":"PropertyValueSpecification","valueRequired":true,"valueName":"search_term_string"}}],"inLanguage":"es"},{"@type":"Organization","@id":"https:\/\/naturaedecor.com\/#organization","name":"Naturae Decor","url":"https:\/\/naturaedecor.com\/","logo":{"@type":"ImageObject","inLanguage":"es","@id":"https:\/\/naturaedecor.com\/#\/schema\/logo\/image\/","url":"https:\/\/naturaedecor.com\/wp-content\/uploads\/2021\/07\/logo-sticky.png","contentUrl":"https:\/\/naturaedecor.com\/wp-content\/uploads\/2021\/07\/logo-sticky.png","width":248,"height":96,"caption":"Naturae Decor"},"image":{"@id":"https:\/\/naturaedecor.com\/#\/schema\/logo\/image\/"},"sameAs":["https:\/\/www.facebook.com\/naturaedecor\/","https:\/\/x.com\/Naturaedecor","https:\/\/www.instagram.com\/naturaedecor\/","https:\/\/www.pinterest.ca\/naturaedecor\/"]}]}},"_links":{"self":[{"href":"https:\/\/naturaedecor.com\/es\/wp-json\/wp\/v2\/product\/6663","targetHints":{"allow":["GET"]}}],"collection":[{"href":"https:\/\/naturaedecor.com\/es\/wp-json\/wp\/v2\/product"}],"about":[{"href":"https:\/\/naturaedecor.com\/es\/wp-json\/wp\/v2\/types\/product"}],"replies":[{"embeddable":true,"href":"https:\/\/naturaedecor.com\/es\/wp-json\/wp\/v2\/comments?post=6663"}],"wp:featuredmedia":[{"embeddable":true,"href":"https:\/\/naturaedecor.com\/es\/wp-json\/wp\/v2\/media\/6661"}],"wp:attachment":[{"href":"https:\/\/naturaedecor.com\/es\/wp-json\/wp\/v2\/media?parent=6663"}],"wp:term":[{"taxonomy":"product_brand","embeddable":true,"href":"https:\/\/naturaedecor.com\/es\/wp-json\/wp\/v2\/product_brand?post=6663"},{"taxonomy":"product_cat","embeddable":true,"href":"https:\/\/naturaedecor.com\/es\/wp-json\/wp\/v2\/product_cat?post=6663"},{"taxonomy":"product_tag","embeddable":true,"href":"https:\/\/naturaedecor.com\/es\/wp-json\/wp\/v2\/product_tag?post=6663"}],"curies":[{"name":"wp","href":"https:\/\/api.w.org\/{rel}","templated":true}]}}